{"id":128,"date":"2023-11-06T14:00:24","date_gmt":"2023-11-06T14:00:24","guid":{"rendered":"https:\/\/umerhamet.org\/?page_id=128"},"modified":"2023-11-06T14:01:29","modified_gmt":"2023-11-06T14:01:29","slug":"kamu-yemekhaneleri","status":"publish","type":"page","link":"https:\/\/umerhamet.org\/?page_id=128","title":{"rendered":"Kamu Mutfaklar\u0131"},"content":{"rendered":"\n<div class=\"wp-block-group appartment-details\" style=\"padding-top:0;padding-right:0;padding-bottom:0;padding-left:0\"><div class=\"wp-block-group__inner-container is-layout-constrained wp-container-core-group-is-layout-829b5a96 wp-block-group-is-layout-constrained\">\n<h3 class=\"wp-block-heading has-text-align-center has-small-font-size\" style=\"font-style:normal;font-weight:500\">MERHAMET DERNE\u011e\u0130<\/h3>\n\n\n\n<h2 class=\"wp-block-heading has-text-align-center has-primary-color has-text-color has-large-font-size\" style=\"font-style:normal;font-weight:500\">Kamu Mutfaklar\u0131<\/h2>\n\n\n\n<div style=\"height:50px\" aria-hidden=\"true\" class=\"wp-block-spacer\"><\/div>\n\n\n\n<div class=\"wp-block-columns are-vertically-aligned-center is-layout-flex wp-container-core-columns-is-layout-9d6595d7 wp-block-columns-is-layout-flex\">\n<div class=\"wp-block-column is-vertically-aligned-center is-layout-flow wp-block-column-is-layout-flow\">\n<h3 class=\"wp-block-heading\">BH&#8217;NIN SOSYAL A\u00c7IDAN SAVUNMASIZ VATANDA\u015eLARI I\u00c7IN YILDA 2 MILYONDAN FAZLA \u00d6\u011e\u00dcN<\/h3>\n\n\n\n<p>&#8220;Merhamet&#8221;, Bosna Hersek&#8217;te yakla\u015f\u0131k 20 kamu mutfa\u011f\u0131na sahiptir.<br>Her g\u00fcn 8.000&#8217;den fazla insan\u0131 besliyor.<\/p>\n\n\n\n<p>Toplam de\u011feri 5 milyon KM&#8217;den fazla olan n\u00fcfusun sosyal a\u00e7\u0131dan savunmas\u0131z kategorileri i\u00e7in y\u0131lda iki milyondan fazla \u00f6\u011f\u00fcn haz\u0131rlanmakta ve da\u011f\u0131t\u0131lmaktad\u0131r.<\/p>\n\n\n\n<p>Sadece 2018 y\u0131l\u0131nda &#8220;Merhamet&#8221;, a\u015fevlerinde yemek haz\u0131rlamak ve sosyal a\u00e7\u0131dan savunmas\u0131z ailelere g\u0131da ve hijyen paketleri da\u011f\u0131tmak i\u00e7in 6,1 milyon KM&#8217;den fazla yat\u0131r\u0131m yapt\u0131.<\/p>\n\n\n\n<p>Sosyal ihtiya\u00e7 durumundaki ailelere, 675.926 d\u00f6n\u00fc\u015ft\u00fcr\u00fclebilir mark de\u011ferinde 18.000&#8217;den fazla g\u0131da ve hijyen paketi da\u011f\u0131t\u0131ld\u0131.<\/p>\n\n\n\n<p>Merhamet&#8217;in mutfaklar\u0131nda Ramazan ay\u0131 boyunca d\u00fczenli yemeklerin yan\u0131 s\u0131ra \u00f6nemli miktarda iftar da haz\u0131rlan\u0131yor.<\/p>\n\n\n\n<p>Y\u0131l boyunca, yemekler ve yiyecekler, Tuzla yak\u0131nlar\u0131ndaki Ilija\u0161 ve Smolu\u0107a&#8217;daki uyu\u015fturucu rehabilitasyon merkezlerinin yan\u0131 s\u0131ra sava\u015f malulleri, terhis edilmi\u015f sava\u015f\u00e7\u0131lar, \u015fehit aileleri ve \u015fehit sava\u015f\u00e7\u0131lar ve \u00e7ok say\u0131da derne\u011fe yard\u0131m ediyor.<\/p>\n<\/div>\n\n\n\n<div class=\"wp-block-column is-vertically-aligned-center is-layout-flow wp-block-column-is-layout-flow\">\n<figure class=\"wp-block-gallery has-nested-images columns-default is-cropped wp-block-gallery-1 is-layout-flex wp-block-gallery-is-layout-flex\">\n<figure class=\"wp-block-image size-full\"><img fetchpriority=\"high\" decoding=\"async\" width=\"545\" height=\"365\" data-id=\"140\" src=\"https:\/\/umerhamet.org\/wp-content\/uploads\/2023\/11\/Kuhinje-2-545x365-2.jpg\" alt=\"\" class=\"wp-image-140\" srcset=\"https:\/\/umerhamet.org\/wp-content\/uploads\/2023\/11\/Kuhinje-2-545x365-2.jpg 545w, https:\/\/umerhamet.org\/wp-content\/uploads\/2023\/11\/Kuhinje-2-545x365-2-300x201.jpg 300w\" sizes=\"(max-width: 545px) 100vw, 545px\" \/><\/figure>\n<\/figure>\n\n\n\n<figure class=\"wp-block-gallery has-nested-images columns-default is-cropped wp-block-gallery-2 is-layout-flex wp-block-gallery-is-layout-flex\">\n<figure class=\"wp-block-image size-full\"><img decoding=\"async\" width=\"487\" height=\"365\" data-id=\"141\" src=\"https:\/\/umerhamet.org\/wp-content\/uploads\/2023\/11\/Kuhinje-3-487x365-1.jpg\" alt=\"\" class=\"wp-image-141\" srcset=\"https:\/\/umerhamet.org\/wp-content\/uploads\/2023\/11\/Kuhinje-3-487x365-1.jpg 487w, https:\/\/umerhamet.org\/wp-content\/uploads\/2023\/11\/Kuhinje-3-487x365-1-300x225.jpg 300w\" sizes=\"(max-width: 487px) 100vw, 487px\" \/><\/figure>\n<\/figure>\n<\/div>\n<\/div>\n<\/div><\/div>\n","protected":false},"excerpt":{"rendered":"<p>MERHAMET DERNE\u011e\u0130 Kamu Mutfaklar\u0131 BH&#8217;NIN SOSYAL A\u00c7IDAN SAVUNMASIZ VATANDA\u015eLARI I\u00c7IN YILDA 2 MILYONDAN FAZLA \u00d6\u011e\u00dcN &#8220;Merhamet&#8221;, Bosna Hersek&#8217;te yakla\u015f\u0131k 20 kamu mutfa\u011f\u0131na sahiptir.Her g\u00fcn 8.000&#8217;den fazla insan\u0131 besliyor. Toplam de\u011feri 5 milyon KM&#8217;den fazla olan n\u00fcfusun sosyal a\u00e7\u0131dan savunmas\u0131z kategorileri i\u00e7in y\u0131lda iki milyondan fazla \u00f6\u011f\u00fcn haz\u0131rlanmakta ve da\u011f\u0131t\u0131lmaktad\u0131r. Sadece 2018 y\u0131l\u0131nda &#8220;Merhamet&#8221;, a\u015fevlerinde yemek [&hellip;]<\/p>\n","protected":false},"author":1,"featured_media":0,"parent":0,"menu_order":0,"comment_status":"closed","ping_status":"closed","template":"","meta":{"footnotes":""},"class_list":["post-128","page","type-page","status-publish","hentry"],"aioseo_notices":[],"_links":{"self":[{"href":"https:\/\/umerhamet.org\/index.php?rest_route=\/wp\/v2\/pages\/128","targetHints":{"allow":["GET"]}}],"collection":[{"href":"https:\/\/umerhamet.org\/index.php?rest_route=\/wp\/v2\/pages"}],"about":[{"href":"https:\/\/umerhamet.org\/index.php?rest_route=\/wp\/v2\/types\/page"}],"author":[{"embeddable":true,"href":"https:\/\/umerhamet.org\/index.php?rest_route=\/wp\/v2\/users\/1"}],"replies":[{"embeddable":true,"href":"https:\/\/umerhamet.org\/index.php?rest_route=%2Fwp%2Fv2%2Fcomments&post=128"}],"version-history":[{"count":2,"href":"https:\/\/umerhamet.org\/index.php?rest_route=\/wp\/v2\/pages\/128\/revisions"}],"predecessor-version":[{"id":143,"href":"https:\/\/umerhamet.org\/index.php?rest_route=\/wp\/v2\/pages\/128\/revisions\/143"}],"wp:attachment":[{"href":"https:\/\/umerhamet.org\/index.php?rest_route=%2Fwp%2Fv2%2Fmedia&parent=128"}],"curies":[{"name":"wp","href":"https:\/\/api.w.org\/{rel}","templated":true}]}}