{"id":129,"date":"2023-11-06T14:06:13","date_gmt":"2023-11-06T14:06:13","guid":{"rendered":"https:\/\/umerhamet.org\/?page_id=129"},"modified":"2023-11-06T14:06:13","modified_gmt":"2023-11-06T14:06:13","slug":"kurban","status":"publish","type":"page","link":"https:\/\/umerhamet.org\/?page_id=129","title":{"rendered":"Kurban"},"content":{"rendered":"\n<div class=\"wp-block-group appartment-details\" style=\"padding-top:0;padding-right:0;padding-bottom:0;padding-left:0\"><div class=\"wp-block-group__inner-container is-layout-constrained wp-container-core-group-is-layout-829b5a96 wp-block-group-is-layout-constrained\">\n<h3 class=\"wp-block-heading has-text-align-center has-small-font-size\" style=\"font-style:normal;font-weight:500\">MERHAMET DERNE\u011e\u0130<\/h3>\n\n\n\n<h2 class=\"wp-block-heading has-text-align-center has-primary-color has-text-color has-large-font-size\" style=\"font-style:normal;font-weight:500\">Kurban<\/h2>\n\n\n\n<div style=\"height:50px\" aria-hidden=\"true\" class=\"wp-block-spacer\"><\/div>\n\n\n\n<div class=\"wp-block-columns are-vertically-aligned-center is-layout-flex wp-container-core-columns-is-layout-9d6595d7 wp-block-columns-is-layout-flex\">\n<div class=\"wp-block-column is-vertically-aligned-center is-layout-flow wp-block-column-is-layout-flow\">\n<h3 class=\"wp-block-heading\">&#8220;MERHAMET&#8221; MUTFAKLARINA ET SA\u011eLANIYOR<\/h3>\n\n\n\n<p>M\u00fcsl\u00fcman hay\u0131r kurumu &#8220;Merhamet&#8221;, yirmi y\u0131l\u0131 a\u015fk\u0131n bir s\u00fcredir &#8220;Kurban&#8221; eylemini ba\u015far\u0131yla uygulamaktad\u0131r.<\/p>\n\n\n\n<p>Bu eylemin bir par\u00e7as\u0131 olarak toplanan etler, BH genelinde sosyal a\u00e7\u0131dan savunmas\u0131z yakla\u015f\u0131k 6.000 vatanda\u015f\u0131n g\u00fcnl\u00fck olarak beslendi\u011fi yakla\u015f\u0131k 20 &#8220;Merhamet&#8221; a\u015fevi i\u00e7in tasarland\u0131.<\/p>\n\n\n\n<p>Et, a\u015fevlerine ek olarak, sosyal kurumlara, uyu\u015fturucu rehabilitasyon merkezlerine, toplu merkezlere, bak\u0131m evlerine, geri d\u00f6nen ailelere ve di\u011fer sosyal olarak tehlike alt\u0131ndaki kategorilere da\u011f\u0131t\u0131lmaktad\u0131r.<\/p>\n\n\n\n<p>&#8220;Merhamet&#8221; her y\u0131l Avustralya&#8217;n\u0131n &#8220;Merhamet&#8221;i ile i\u015fbirli\u011fi i\u00e7inde &#8220;Avustralya Kurban&#8221; eylemini d\u00fczenlemektedir.<\/p>\n\n\n\n<p>Bu eylemde toplanan et, esas olarak d\u00fcnyadaki kriz b\u00f6lgelerindeki savunmas\u0131z vatanda\u015flara y\u00f6neliktir.<\/p>\n\n\n\n<p>Merhamet, son be\u015f y\u0131ld\u0131r Avustralya&#8217;dan gelen t\u00fcm Kurban eti grubunu T\u00fcrkiye&#8217;deki Suriyeli m\u00fcltecilere da\u011f\u0131t\u0131yor.<\/p>\n\n\n\n<p>\u015eimdiye kadar Avustralya&#8217;dan yakla\u015f\u0131k 600 ton Kurban eti veya yakla\u015f\u0131k 36.000 kurban ba\u011f\u0131\u015fland\u0131.<\/p>\n<\/div>\n\n\n\n<div class=\"wp-block-column is-vertically-aligned-center is-layout-flow wp-block-column-is-layout-flow\">\n<figure class=\"wp-block-gallery has-nested-images columns-default is-cropped wp-block-gallery-1 is-layout-flex wp-block-gallery-is-layout-flex\">\n<figure class=\"wp-block-image size-full\"><img fetchpriority=\"high\" decoding=\"async\" width=\"560\" height=\"445\" data-id=\"147\" src=\"https:\/\/umerhamet.org\/wp-content\/uploads\/2023\/11\/Akcija-kurban-glavna-slika-560x445-2.jpg\" alt=\"\" class=\"wp-image-147\" srcset=\"https:\/\/umerhamet.org\/wp-content\/uploads\/2023\/11\/Akcija-kurban-glavna-slika-560x445-2.jpg 560w, https:\/\/umerhamet.org\/wp-content\/uploads\/2023\/11\/Akcija-kurban-glavna-slika-560x445-2-300x238.jpg 300w\" sizes=\"(max-width: 560px) 100vw, 560px\" \/><\/figure>\n<\/figure>\n\n\n\n<figure class=\"wp-block-gallery has-nested-images columns-default is-cropped wp-block-gallery-2 is-layout-flex wp-block-gallery-is-layout-flex\">\n<figure class=\"wp-block-image size-large\"><img decoding=\"async\" width=\"1024\" height=\"768\" data-id=\"146\" src=\"https:\/\/umerhamet.org\/wp-content\/uploads\/2023\/11\/Akcija-kurban-4-1-1024x768.jpg\" alt=\"\" class=\"wp-image-146\" srcset=\"https:\/\/umerhamet.org\/wp-content\/uploads\/2023\/11\/Akcija-kurban-4-1-1024x768.jpg 1024w, https:\/\/umerhamet.org\/wp-content\/uploads\/2023\/11\/Akcija-kurban-4-1-scaled-600x450.jpg 600w, https:\/\/umerhamet.org\/wp-content\/uploads\/2023\/11\/Akcija-kurban-4-1-300x225.jpg 300w, https:\/\/umerhamet.org\/wp-content\/uploads\/2023\/11\/Akcija-kurban-4-1-768x576.jpg 768w, https:\/\/umerhamet.org\/wp-content\/uploads\/2023\/11\/Akcija-kurban-4-1-1536x1152.jpg 1536w, https:\/\/umerhamet.org\/wp-content\/uploads\/2023\/11\/Akcija-kurban-4-1-2048x1536.jpg 2048w\" sizes=\"(max-width: 1024px) 100vw, 1024px\" \/><\/figure>\n<\/figure>\n<\/div>\n<\/div>\n<\/div><\/div>\n","protected":false},"excerpt":{"rendered":"<p>MERHAMET DERNE\u011e\u0130 Kurban &#8220;MERHAMET&#8221; MUTFAKLARINA ET SA\u011eLANIYOR M\u00fcsl\u00fcman hay\u0131r kurumu &#8220;Merhamet&#8221;, yirmi y\u0131l\u0131 a\u015fk\u0131n bir s\u00fcredir &#8220;Kurban&#8221; eylemini ba\u015far\u0131yla uygulamaktad\u0131r. Bu eylemin bir par\u00e7as\u0131 olarak toplanan etler, BH genelinde sosyal a\u00e7\u0131dan savunmas\u0131z yakla\u015f\u0131k 6.000 vatanda\u015f\u0131n g\u00fcnl\u00fck olarak beslendi\u011fi yakla\u015f\u0131k 20 &#8220;Merhamet&#8221; a\u015fevi i\u00e7in tasarland\u0131. Et, a\u015fevlerine ek olarak, sosyal kurumlara, uyu\u015fturucu rehabilitasyon merkezlerine, toplu merkezlere, [&hellip;]<\/p>\n","protected":false},"author":1,"featured_media":0,"parent":0,"menu_order":0,"comment_status":"closed","ping_status":"closed","template":"","meta":{"footnotes":""},"class_list":["post-129","page","type-page","status-publish","hentry"],"aioseo_notices":[],"_links":{"self":[{"href":"https:\/\/umerhamet.org\/index.php?rest_route=\/wp\/v2\/pages\/129","targetHints":{"allow":["GET"]}}],"collection":[{"href":"https:\/\/umerhamet.org\/index.php?rest_route=\/wp\/v2\/pages"}],"about":[{"href":"https:\/\/umerhamet.org\/index.php?rest_route=\/wp\/v2\/types\/page"}],"author":[{"embeddable":true,"href":"https:\/\/umerhamet.org\/index.php?rest_route=\/wp\/v2\/users\/1"}],"replies":[{"embeddable":true,"href":"https:\/\/umerhamet.org\/index.php?rest_route=%2Fwp%2Fv2%2Fcomments&post=129"}],"version-history":[{"count":1,"href":"https:\/\/umerhamet.org\/index.php?rest_route=\/wp\/v2\/pages\/129\/revisions"}],"predecessor-version":[{"id":148,"href":"https:\/\/umerhamet.org\/index.php?rest_route=\/wp\/v2\/pages\/129\/revisions\/148"}],"wp:attachment":[{"href":"https:\/\/umerhamet.org\/index.php?rest_route=%2Fwp%2Fv2%2Fmedia&parent=129"}],"curies":[{"name":"wp","href":"https:\/\/api.w.org\/{rel}","templated":true}]}}