{"id":130,"date":"2023-11-06T14:12:56","date_gmt":"2023-11-06T14:12:56","guid":{"rendered":"https:\/\/umerhamet.org\/?page_id=130"},"modified":"2023-11-06T14:13:21","modified_gmt":"2023-11-06T14:13:21","slug":"mulkler","status":"publish","type":"page","link":"https:\/\/umerhamet.org\/?page_id=130","title":{"rendered":"M\u00fclklerimiz"},"content":{"rendered":"\n<div class=\"wp-block-group appartment-details\" style=\"padding-top:0;padding-right:0;padding-bottom:0;padding-left:0\"><div class=\"wp-block-group__inner-container is-layout-constrained wp-container-core-group-is-layout-829b5a96 wp-block-group-is-layout-constrained\">\n<h3 class=\"wp-block-heading has-text-align-center has-small-font-size\" style=\"font-style:normal;font-weight:500\">MERHAMET DERNE\u011e\u0130<\/h3>\n\n\n\n<h2 class=\"wp-block-heading has-text-align-center has-primary-color has-text-color has-large-font-size\" style=\"font-style:normal;font-weight:500\">M\u00fclklerimiz<\/h2>\n\n\n\n<div style=\"height:50px\" aria-hidden=\"true\" class=\"wp-block-spacer\"><\/div>\n\n\n\n<div class=\"wp-block-columns are-vertically-aligned-center is-layout-flex wp-container-core-columns-is-layout-9d6595d7 wp-block-columns-is-layout-flex\">\n<div class=\"wp-block-column is-vertically-aligned-center is-layout-flow wp-block-column-is-layout-flow\">\n<h3 class=\"wp-block-heading\">KEND\u0130 M\u00dcLK\u00dcNDEN 600 TONA YAKIN SEBZE \u00dcRET\u0130YOR<\/h3>\n\n\n\n<p>&#8220;Merhamet&#8221;, 2008&#8217;den beri Zavidovi\u0107i&#8217;de bir tar\u0131m arazisine sahiptir.<\/p>\n\n\n\n<p>On y\u0131ld\u0131r, sera \u00fcretim projesi ba\u015far\u0131yla uyguland\u0131.<\/p>\n\n\n\n<p>\u0130lkbahar mevsiminde 2.150 metrekarelik bir alanda \u0131spanak ve erken lahana, yaz ve sonbahar mevsiminde sar\u0131 ve k\u0131rm\u0131z\u0131 biber ve domates hasad\u0131 yap\u0131l\u0131r.<\/p>\n\n\n\n<p>Zavidovi\u0107i&#8217;deki &#8220;Merhamet&#8217;s&#8221; arazisinde y\u0131lda ortalama 70 ton sebze \u00fcretiliyor.<\/p>\n\n\n\n<p>KEND\u0130 \u00dcRET\u0130M\u0130<\/p>\n\n\n\n<p>\u015eimdiye kadar toplam yakla\u015f\u0131k 700 ton sebze \u00fcretildi ve bunlar BH genelindeki &#8220;Merhamet&#8221; mutfaklar\u0131na da\u011f\u0131t\u0131ld\u0131.<\/p>\n\n\n\n<p>Tesisteki &#8220;Merhamet&#8217;s&#8221; \u00e7al\u0131\u015fanlar\u0131 da a\u015fevlerinin ihtiya\u00e7lar\u0131 i\u00e7in belirli miktarlarda g\u00fcve\u00e7, ajvar ve sos \u00fcretiyor.<\/p>\n\n\n\n<p>Proje, y\u00fcr\u00fct\u00fcld\u00fc\u011f\u00fc Federal Tar\u0131m Enstit\u00fcs\u00fc ile i\u015fbirli\u011fi i\u00e7inde y\u00fcr\u00fct\u00fclmektedir<br>\u00fcr\u00fcn\u00fcn s\u00fcrekli kontrol\u00fc.<\/p>\n\n\n\n<p>&#8220;Merhamet&#8221; ayr\u0131ca Visoko&#8217;da ayn\u0131 zamanda halk mutfa\u011f\u0131 i\u015flevinde olan bir meyve bah\u00e7esine sahiptir.<\/p>\n<\/div>\n\n\n\n<div class=\"wp-block-column is-vertically-aligned-center is-layout-flow wp-block-column-is-layout-flow\">\n<figure class=\"wp-block-gallery has-nested-images columns-default is-cropped wp-block-gallery-1 is-layout-flex wp-block-gallery-is-layout-flex\">\n<figure class=\"wp-block-image size-full\"><img fetchpriority=\"high\" decoding=\"async\" width=\"800\" height=\"445\" data-id=\"151\" src=\"https:\/\/umerhamet.org\/wp-content\/uploads\/2023\/11\/Imanje-glavna-slika-800x445-1.jpg\" alt=\"\" class=\"wp-image-151\" srcset=\"https:\/\/umerhamet.org\/wp-content\/uploads\/2023\/11\/Imanje-glavna-slika-800x445-1.jpg 800w, https:\/\/umerhamet.org\/wp-content\/uploads\/2023\/11\/Imanje-glavna-slika-800x445-1-600x334.jpg 600w, https:\/\/umerhamet.org\/wp-content\/uploads\/2023\/11\/Imanje-glavna-slika-800x445-1-300x167.jpg 300w, https:\/\/umerhamet.org\/wp-content\/uploads\/2023\/11\/Imanje-glavna-slika-800x445-1-768x427.jpg 768w\" sizes=\"(max-width: 800px) 100vw, 800px\" \/><\/figure>\n<\/figure>\n\n\n\n<figure class=\"wp-block-gallery has-nested-images columns-default is-cropped wp-block-gallery-2 is-layout-flex wp-block-gallery-is-layout-flex\">\n<figure class=\"wp-block-image size-full\"><img decoding=\"async\" width=\"487\" height=\"365\" data-id=\"153\" src=\"https:\/\/umerhamet.org\/wp-content\/uploads\/2023\/11\/Imanje-5-487x365-1.jpg\" alt=\"\" class=\"wp-image-153\" srcset=\"https:\/\/umerhamet.org\/wp-content\/uploads\/2023\/11\/Imanje-5-487x365-1.jpg 487w, https:\/\/umerhamet.org\/wp-content\/uploads\/2023\/11\/Imanje-5-487x365-1-300x225.jpg 300w\" sizes=\"(max-width: 487px) 100vw, 487px\" \/><\/figure>\n<\/figure>\n<\/div>\n<\/div>\n<\/div><\/div>\n","protected":false},"excerpt":{"rendered":"<p>MERHAMET DERNE\u011e\u0130 M\u00fclklerimiz KEND\u0130 M\u00dcLK\u00dcNDEN 600 TONA YAKIN SEBZE \u00dcRET\u0130YOR &#8220;Merhamet&#8221;, 2008&#8217;den beri Zavidovi\u0107i&#8217;de bir tar\u0131m arazisine sahiptir. On y\u0131ld\u0131r, sera \u00fcretim projesi ba\u015far\u0131yla uyguland\u0131. \u0130lkbahar mevsiminde 2.150 metrekarelik bir alanda \u0131spanak ve erken lahana, yaz ve sonbahar mevsiminde sar\u0131 ve k\u0131rm\u0131z\u0131 biber ve domates hasad\u0131 yap\u0131l\u0131r. Zavidovi\u0107i&#8217;deki &#8220;Merhamet&#8217;s&#8221; arazisinde y\u0131lda ortalama 70 ton sebze [&hellip;]<\/p>\n","protected":false},"author":1,"featured_media":0,"parent":0,"menu_order":0,"comment_status":"closed","ping_status":"closed","template":"","meta":{"footnotes":""},"class_list":["post-130","page","type-page","status-publish","hentry"],"aioseo_notices":[],"_links":{"self":[{"href":"https:\/\/umerhamet.org\/index.php?rest_route=\/wp\/v2\/pages\/130","targetHints":{"allow":["GET"]}}],"collection":[{"href":"https:\/\/umerhamet.org\/index.php?rest_route=\/wp\/v2\/pages"}],"about":[{"href":"https:\/\/umerhamet.org\/index.php?rest_route=\/wp\/v2\/types\/page"}],"author":[{"embeddable":true,"href":"https:\/\/umerhamet.org\/index.php?rest_route=\/wp\/v2\/users\/1"}],"replies":[{"embeddable":true,"href":"https:\/\/umerhamet.org\/index.php?rest_route=%2Fwp%2Fv2%2Fcomments&post=130"}],"version-history":[{"count":4,"href":"https:\/\/umerhamet.org\/index.php?rest_route=\/wp\/v2\/pages\/130\/revisions"}],"predecessor-version":[{"id":155,"href":"https:\/\/umerhamet.org\/index.php?rest_route=\/wp\/v2\/pages\/130\/revisions\/155"}],"wp:attachment":[{"href":"https:\/\/umerhamet.org\/index.php?rest_route=%2Fwp%2Fv2%2Fmedia&parent=130"}],"curies":[{"name":"wp","href":"https:\/\/api.w.org\/{rel}","templated":true}]}}