{"id":131,"date":"2023-11-06T15:40:47","date_gmt":"2023-11-06T15:40:47","guid":{"rendered":"https:\/\/umerhamet.org\/?page_id=131"},"modified":"2023-11-06T15:40:47","modified_gmt":"2023-11-06T15:40:47","slug":"urunlerimiz","status":"publish","type":"page","link":"https:\/\/umerhamet.org\/?page_id=131","title":{"rendered":"\u00dcr\u00fcnlerimiz"},"content":{"rendered":"\n<div class=\"wp-block-group appartment-details\" style=\"padding-top:0;padding-right:0;padding-bottom:0;padding-left:0\"><div class=\"wp-block-group__inner-container is-layout-constrained wp-container-core-group-is-layout-829b5a96 wp-block-group-is-layout-constrained\">\n<h3 class=\"wp-block-heading has-text-align-center has-small-font-size\" style=\"font-style:normal;font-weight:500\">MERHAMET DERNE\u011e\u0130<\/h3>\n\n\n\n<h2 class=\"wp-block-heading has-text-align-center has-primary-color has-text-color has-large-font-size\" style=\"font-style:normal;font-weight:500\">\u00dcr\u00fcnlerimiz<\/h2>\n\n\n\n<div style=\"height:50px\" aria-hidden=\"true\" class=\"wp-block-spacer\"><\/div>\n\n\n\n<div class=\"wp-block-columns are-vertically-aligned-center is-layout-flex wp-container-core-columns-is-layout-9d6595d7 wp-block-columns-is-layout-flex\">\n<div class=\"wp-block-column is-vertically-aligned-center is-layout-flow wp-block-column-is-layout-flow\">\n<h3 class=\"wp-block-heading\">Makarna \u00dcretimi<\/h3>\n\n\n\n<p><br>Zavidovi\u0107i yak\u0131nlar\u0131ndaki Kuce&#8217;deki \u00e7iftlikte &#8220;Merhamet&#8221; kendi makarna \u00fcretimine ba\u015flad\u0131.<\/p>\n\n\n\n<p>2017 y\u0131l\u0131nda yakla\u015f\u0131k be\u015f ton makarna \u00fcretildi ve bunlar BH&#8217;deki &#8220;Merhamet&#8217;in&#8221; mutfaklar\u0131na da\u011f\u0131t\u0131ld\u0131.<\/p>\n\n\n\n<p>&#8220;Merhamet&#8221; \u00fcretim hatt\u0131ndaki makarna \u00fcretim kapasitesi g\u00fcnde 200 kilogramd\u0131r.<\/p>\n\n\n\n<p>Vakumlu makarna ve di\u011fer faaliyetlerin \u00fcretim ko\u015fullar\u0131n\u0131 iyile\u015ftirmek i\u00e7in, Zavidovi\u0107i&#8217;deki m\u00fclk bu ve di\u011fer faaliyetler i\u00e7in kapasiteleri geni\u015fletti.<\/p>\n\n\n\n<p>Y\u0131ll\u0131k kapasitesi 100.000 kg&#8217;\u0131n \u00fczerinde olan makarna \u00fcretimi, &#8220;Merhamet&#8217;in&#8221; halk mutfaklar\u0131n\u0131n, yani kullan\u0131c\u0131lar\u0131n t\u00fcm ihtiya\u00e7lar\u0131n\u0131 kar\u015f\u0131layacakt\u0131r. Ayr\u0131ca bu hareket tarz\u0131yla &#8220;Merhamet&#8221;, ki\u015finin kendi kaynaklar\u0131n\u0131n nas\u0131l de\u011fer \u00fcretebilece\u011fine ve onu do\u011fru yere y\u00f6nlendirebilece\u011fine dair bir \u00f6rnek veriyor.<\/p>\n<\/div>\n\n\n\n<div class=\"wp-block-column is-vertically-aligned-center is-layout-flow wp-block-column-is-layout-flow\">\n<figure class=\"wp-block-gallery has-nested-images columns-default is-cropped wp-block-gallery-1 is-layout-flex wp-block-gallery-is-layout-flex\">\n<figure class=\"wp-block-image size-large\"><img fetchpriority=\"high\" decoding=\"async\" width=\"1024\" height=\"644\" data-id=\"156\" src=\"https:\/\/umerhamet.org\/wp-content\/uploads\/2023\/11\/Proizvodnja-tjestenine-glavna-1024x644.jpg\" alt=\"\" class=\"wp-image-156\" srcset=\"https:\/\/umerhamet.org\/wp-content\/uploads\/2023\/11\/Proizvodnja-tjestenine-glavna-1024x644.jpg 1024w, https:\/\/umerhamet.org\/wp-content\/uploads\/2023\/11\/Proizvodnja-tjestenine-glavna-scaled-600x377.jpg 600w, https:\/\/umerhamet.org\/wp-content\/uploads\/2023\/11\/Proizvodnja-tjestenine-glavna-300x189.jpg 300w, https:\/\/umerhamet.org\/wp-content\/uploads\/2023\/11\/Proizvodnja-tjestenine-glavna-768x483.jpg 768w, https:\/\/umerhamet.org\/wp-content\/uploads\/2023\/11\/Proizvodnja-tjestenine-glavna-1536x966.jpg 1536w, https:\/\/umerhamet.org\/wp-content\/uploads\/2023\/11\/Proizvodnja-tjestenine-glavna-2048x1287.jpg 2048w\" sizes=\"(max-width: 1024px) 100vw, 1024px\" \/><\/figure>\n<\/figure>\n\n\n\n<figure class=\"wp-block-gallery has-nested-images columns-default is-cropped wp-block-gallery-2 is-layout-flex wp-block-gallery-is-layout-flex\">\n<figure class=\"wp-block-image size-large\"><img decoding=\"async\" width=\"1024\" height=\"768\" data-id=\"158\" src=\"https:\/\/umerhamet.org\/wp-content\/uploads\/2023\/11\/Proizvodnja-tjestenine-1-1024x768.jpg\" alt=\"\" class=\"wp-image-158\" srcset=\"https:\/\/umerhamet.org\/wp-content\/uploads\/2023\/11\/Proizvodnja-tjestenine-1-1024x768.jpg 1024w, https:\/\/umerhamet.org\/wp-content\/uploads\/2023\/11\/Proizvodnja-tjestenine-1-scaled-600x450.jpg 600w, https:\/\/umerhamet.org\/wp-content\/uploads\/2023\/11\/Proizvodnja-tjestenine-1-300x225.jpg 300w, https:\/\/umerhamet.org\/wp-content\/uploads\/2023\/11\/Proizvodnja-tjestenine-1-768x576.jpg 768w, https:\/\/umerhamet.org\/wp-content\/uploads\/2023\/11\/Proizvodnja-tjestenine-1-1536x1152.jpg 1536w, https:\/\/umerhamet.org\/wp-content\/uploads\/2023\/11\/Proizvodnja-tjestenine-1-2048x1536.jpg 2048w\" sizes=\"(max-width: 1024px) 100vw, 1024px\" \/><\/figure>\n<\/figure>\n<\/div>\n<\/div>\n<\/div><\/div>\n","protected":false},"excerpt":{"rendered":"<p>MERHAMET DERNE\u011e\u0130 \u00dcr\u00fcnlerimiz Makarna \u00dcretimi Zavidovi\u0107i yak\u0131nlar\u0131ndaki Kuce&#8217;deki \u00e7iftlikte &#8220;Merhamet&#8221; kendi makarna \u00fcretimine ba\u015flad\u0131. 2017 y\u0131l\u0131nda yakla\u015f\u0131k be\u015f ton makarna \u00fcretildi ve bunlar BH&#8217;deki &#8220;Merhamet&#8217;in&#8221; mutfaklar\u0131na da\u011f\u0131t\u0131ld\u0131. &#8220;Merhamet&#8221; \u00fcretim hatt\u0131ndaki makarna \u00fcretim kapasitesi g\u00fcnde 200 kilogramd\u0131r. Vakumlu makarna ve di\u011fer faaliyetlerin \u00fcretim ko\u015fullar\u0131n\u0131 iyile\u015ftirmek i\u00e7in, Zavidovi\u0107i&#8217;deki m\u00fclk bu ve di\u011fer faaliyetler i\u00e7in kapasiteleri geni\u015fletti. Y\u0131ll\u0131k [&hellip;]<\/p>\n","protected":false},"author":1,"featured_media":0,"parent":0,"menu_order":0,"comment_status":"closed","ping_status":"closed","template":"","meta":{"footnotes":""},"class_list":["post-131","page","type-page","status-publish","hentry"],"aioseo_notices":[],"_links":{"self":[{"href":"https:\/\/umerhamet.org\/index.php?rest_route=\/wp\/v2\/pages\/131","targetHints":{"allow":["GET"]}}],"collection":[{"href":"https:\/\/umerhamet.org\/index.php?rest_route=\/wp\/v2\/pages"}],"about":[{"href":"https:\/\/umerhamet.org\/index.php?rest_route=\/wp\/v2\/types\/page"}],"author":[{"embeddable":true,"href":"https:\/\/umerhamet.org\/index.php?rest_route=\/wp\/v2\/users\/1"}],"replies":[{"embeddable":true,"href":"https:\/\/umerhamet.org\/index.php?rest_route=%2Fwp%2Fv2%2Fcomments&post=131"}],"version-history":[{"count":1,"href":"https:\/\/umerhamet.org\/index.php?rest_route=\/wp\/v2\/pages\/131\/revisions"}],"predecessor-version":[{"id":159,"href":"https:\/\/umerhamet.org\/index.php?rest_route=\/wp\/v2\/pages\/131\/revisions\/159"}],"wp:attachment":[{"href":"https:\/\/umerhamet.org\/index.php?rest_route=%2Fwp%2Fv2%2Fmedia&parent=131"}],"curies":[{"name":"wp","href":"https:\/\/api.w.org\/{rel}","templated":true}]}}