{"id":132,"date":"2023-11-06T15:47:32","date_gmt":"2023-11-06T15:47:32","guid":{"rendered":"https:\/\/umerhamet.org\/?page_id=132"},"modified":"2023-11-06T15:47:32","modified_gmt":"2023-11-06T15:47:32","slug":"burslar","status":"publish","type":"page","link":"https:\/\/umerhamet.org\/?page_id=132","title":{"rendered":"Burslar"},"content":{"rendered":"\n<div class=\"wp-block-group appartment-details\" style=\"padding-top:0;padding-right:0;padding-bottom:0;padding-left:0\"><div class=\"wp-block-group__inner-container is-layout-constrained wp-container-core-group-is-layout-829b5a96 wp-block-group-is-layout-constrained\">\n<h3 class=\"wp-block-heading has-text-align-center has-small-font-size\" style=\"font-style:normal;font-weight:500\">MERHAMET DERNE\u011e\u0130<\/h3>\n\n\n\n<h2 class=\"wp-block-heading has-text-align-center has-primary-color has-text-color has-large-font-size\" style=\"font-style:normal;font-weight:500\">Burslar<\/h2>\n\n\n\n<div style=\"height:50px\" aria-hidden=\"true\" class=\"wp-block-spacer\"><\/div>\n\n\n\n<div class=\"wp-block-columns are-vertically-aligned-center is-layout-flex wp-container-core-columns-is-layout-9d6595d7 wp-block-columns-is-layout-flex\">\n<div class=\"wp-block-column is-vertically-aligned-center is-layout-flow wp-block-column-is-layout-flow\">\n<h3 class=\"wp-block-heading\">YOKSUL A\u0130LELERDEN GELEN \u00d6\u011eRENC\u0130LER \u0130\u00c7\u0130N BURSLAR<\/h3>\n\n\n\n<p>&#8220;Merhamet&#8221;, 2012 y\u0131l\u0131nda burs sa\u011flad\u0131\u011f\u0131 Edah Be\u0107irbegovi\u0107 Vakf\u0131&#8217;n\u0131 kurdu<br>Sosyal refah ailelerinden gelen ilk ve ortaokul \u00f6\u011frencileri.<\/p>\n\n\n\n<p>Kural kitab\u0131na g\u00f6re, burslar\u0131n y\u00fczde 70&#8217;i S\u0131rp Cumhuriyeti&#8217;nden geri d\u00f6nen ailelerin \u00f6\u011frencilerine, y\u00fczde 30&#8217;u ise BH Federasyonu&#8217;ndan yoksul \u00e7ocuklara veriliyor.<\/p>\n\n\n\n<p>Lise \u00f6\u011frencileri i\u00e7in y\u0131ll\u0131k burs 750 KM, ilkokul \u00f6\u011frencileri i\u00e7in 500 KM&#8217;dir.<\/p>\n\n\n\n<p>Burslar bir defaya mahsus olmak \u00fczere tam olarak \u00f6denir.<\/p>\n\n\n\n<p>BURSLAR<\/p>\n\n\n\n<p>&#8220;Merhamet&#8221;, 2017\/2018 \u00f6\u011fretim y\u0131l\u0131 i\u00e7in ilk ve ortaokul \u00f6\u011frencilerine yakla\u015f\u0131k 120 burs verdi.<\/p>\n\n\n\n<p>Ama\u00e7, sosyal a\u00e7\u0131dan savunmas\u0131z ailelerden m\u00fcmk\u00fcn oldu\u011funca \u00e7ok say\u0131da \u00e7ocu\u011fu dahil etmek ve onlara e\u011fitim sa\u011flamakt\u0131r.<\/p>\n\n\n\n<p>Bug\u00fcn bir dizi &#8220;Merhamet&#8221; alimi ba\u015far\u0131l\u0131 akademik vatanda\u015flard\u0131r. Bir\u00e7o\u011fu, &#8220;Merhamet&#8217;s&#8221; Vakf\u0131 &#8220;Edah Be\u0107irbegovi\u0107&#8221; arac\u0131l\u0131\u011f\u0131yla, \u015fimdi sosyal a\u00e7\u0131dan savunmas\u0131z ailelerin \u00e7ocuklar\u0131na yard\u0131m ediyor.<\/p>\n<\/div>\n\n\n\n<div class=\"wp-block-column is-vertically-aligned-center is-layout-flow wp-block-column-is-layout-flow\">\n<figure class=\"wp-block-gallery has-nested-images columns-default is-cropped wp-block-gallery-1 is-layout-flex wp-block-gallery-is-layout-flex\">\n<figure class=\"wp-block-image size-full\"><img fetchpriority=\"high\" decoding=\"async\" width=\"800\" height=\"445\" data-id=\"162\" src=\"https:\/\/umerhamet.org\/wp-content\/uploads\/2023\/11\/Fondacija-Edah-Becirbegovic-1-1-800x445-1.jpg\" alt=\"\" class=\"wp-image-162\" srcset=\"https:\/\/umerhamet.org\/wp-content\/uploads\/2023\/11\/Fondacija-Edah-Becirbegovic-1-1-800x445-1.jpg 800w, https:\/\/umerhamet.org\/wp-content\/uploads\/2023\/11\/Fondacija-Edah-Becirbegovic-1-1-800x445-1-600x334.jpg 600w, https:\/\/umerhamet.org\/wp-content\/uploads\/2023\/11\/Fondacija-Edah-Becirbegovic-1-1-800x445-1-300x167.jpg 300w, https:\/\/umerhamet.org\/wp-content\/uploads\/2023\/11\/Fondacija-Edah-Becirbegovic-1-1-800x445-1-768x427.jpg 768w\" sizes=\"(max-width: 800px) 100vw, 800px\" \/><\/figure>\n<\/figure>\n\n\n\n<figure class=\"wp-block-gallery has-nested-images columns-default is-cropped wp-block-gallery-2 is-layout-flex wp-block-gallery-is-layout-flex\">\n<figure class=\"wp-block-image size-large\"><img decoding=\"async\" width=\"1024\" height=\"768\" data-id=\"163\" src=\"https:\/\/umerhamet.org\/wp-content\/uploads\/2023\/11\/Fondacija-Edah-Becirbegovic-2-1024x768.jpg\" alt=\"\" class=\"wp-image-163\" srcset=\"https:\/\/umerhamet.org\/wp-content\/uploads\/2023\/11\/Fondacija-Edah-Becirbegovic-2-1024x768.jpg 1024w, https:\/\/umerhamet.org\/wp-content\/uploads\/2023\/11\/Fondacija-Edah-Becirbegovic-2-scaled-600x450.jpg 600w, https:\/\/umerhamet.org\/wp-content\/uploads\/2023\/11\/Fondacija-Edah-Becirbegovic-2-300x225.jpg 300w, https:\/\/umerhamet.org\/wp-content\/uploads\/2023\/11\/Fondacija-Edah-Becirbegovic-2-768x576.jpg 768w, https:\/\/umerhamet.org\/wp-content\/uploads\/2023\/11\/Fondacija-Edah-Becirbegovic-2-1536x1152.jpg 1536w, https:\/\/umerhamet.org\/wp-content\/uploads\/2023\/11\/Fondacija-Edah-Becirbegovic-2-2048x1536.jpg 2048w\" sizes=\"(max-width: 1024px) 100vw, 1024px\" \/><\/figure>\n<\/figure>\n<\/div>\n<\/div>\n<\/div><\/div>\n","protected":false},"excerpt":{"rendered":"<p>MERHAMET DERNE\u011e\u0130 Burslar YOKSUL A\u0130LELERDEN GELEN \u00d6\u011eRENC\u0130LER \u0130\u00c7\u0130N BURSLAR &#8220;Merhamet&#8221;, 2012 y\u0131l\u0131nda burs sa\u011flad\u0131\u011f\u0131 Edah Be\u0107irbegovi\u0107 Vakf\u0131&#8217;n\u0131 kurduSosyal refah ailelerinden gelen ilk ve ortaokul \u00f6\u011frencileri. Kural kitab\u0131na g\u00f6re, burslar\u0131n y\u00fczde 70&#8217;i S\u0131rp Cumhuriyeti&#8217;nden geri d\u00f6nen ailelerin \u00f6\u011frencilerine, y\u00fczde 30&#8217;u ise BH Federasyonu&#8217;ndan yoksul \u00e7ocuklara veriliyor. Lise \u00f6\u011frencileri i\u00e7in y\u0131ll\u0131k burs 750 KM, ilkokul \u00f6\u011frencileri i\u00e7in [&hellip;]<\/p>\n","protected":false},"author":1,"featured_media":0,"parent":0,"menu_order":0,"comment_status":"closed","ping_status":"closed","template":"","meta":{"footnotes":""},"class_list":["post-132","page","type-page","status-publish","hentry"],"aioseo_notices":[],"_links":{"self":[{"href":"https:\/\/umerhamet.org\/index.php?rest_route=\/wp\/v2\/pages\/132","targetHints":{"allow":["GET"]}}],"collection":[{"href":"https:\/\/umerhamet.org\/index.php?rest_route=\/wp\/v2\/pages"}],"about":[{"href":"https:\/\/umerhamet.org\/index.php?rest_route=\/wp\/v2\/types\/page"}],"author":[{"embeddable":true,"href":"https:\/\/umerhamet.org\/index.php?rest_route=\/wp\/v2\/users\/1"}],"replies":[{"embeddable":true,"href":"https:\/\/umerhamet.org\/index.php?rest_route=%2Fwp%2Fv2%2Fcomments&post=132"}],"version-history":[{"count":3,"href":"https:\/\/umerhamet.org\/index.php?rest_route=\/wp\/v2\/pages\/132\/revisions"}],"predecessor-version":[{"id":164,"href":"https:\/\/umerhamet.org\/index.php?rest_route=\/wp\/v2\/pages\/132\/revisions\/164"}],"wp:attachment":[{"href":"https:\/\/umerhamet.org\/index.php?rest_route=%2Fwp%2Fv2%2Fmedia&parent=132"}],"curies":[{"name":"wp","href":"https:\/\/api.w.org\/{rel}","templated":true}]}}