{"id":133,"date":"2023-11-06T15:51:37","date_gmt":"2023-11-06T15:51:37","guid":{"rendered":"https:\/\/umerhamet.org\/?page_id=133"},"modified":"2023-11-06T15:51:37","modified_gmt":"2023-11-06T15:51:37","slug":"evde-bakim","status":"publish","type":"page","link":"https:\/\/umerhamet.org\/?page_id=133","title":{"rendered":"Evde Bak\u0131m"},"content":{"rendered":"\n<div class=\"wp-block-group appartment-details\" style=\"padding-top:0;padding-right:0;padding-bottom:0;padding-left:0\"><div class=\"wp-block-group__inner-container is-layout-constrained wp-container-core-group-is-layout-829b5a96 wp-block-group-is-layout-constrained\">\n<h3 class=\"wp-block-heading has-text-align-center has-small-font-size\" style=\"font-style:normal;font-weight:500\">MERHAMET DERNE\u011e\u0130<\/h3>\n\n\n\n<h2 class=\"wp-block-heading has-text-align-center has-primary-color has-text-color has-large-font-size\" style=\"font-style:normal;font-weight:500\">Kamu Mutfaklar\u0131<\/h2>\n\n\n\n<div style=\"height:50px\" aria-hidden=\"true\" class=\"wp-block-spacer\"><\/div>\n\n\n\n<div class=\"wp-block-columns are-vertically-aligned-center is-layout-flex wp-container-core-columns-is-layout-9d6595d7 wp-block-columns-is-layout-flex\">\n<div class=\"wp-block-column is-vertically-aligned-center is-layout-flow wp-block-column-is-layout-flow\">\n<h3 class=\"wp-block-heading\">Evde bak\u0131m &#8221; \u2013 en \u00f6nemli &#8220;Merhamet&#8221; projelerinden biri<br>YA\u015eLI, HASTA VE BITKIN BAKIMI<\/h3>\n\n\n\n<p><br>&#8220;Merhamet&#8221;, en insanc\u0131l projelerinden biri olan &#8220;Evde Bak\u0131m&#8221; \u0131 ba\u015far\u0131yla uyguluyor.<\/p>\n\n\n\n<p>Projenin amac\u0131, zor ko\u015fullarda ya\u015fayan, \u00f6zellikle yaln\u0131z, hasta veya g\u00fcnl\u00fck i\u015fleyi\u015finde fiziksel olarak k\u0131s\u0131tl\u0131 olan, toplumdan ve sevdiklerinden maddi veya manevi destek alamayan ya\u015fl\u0131lara yard\u0131m sa\u011flamakt\u0131r.<\/p>\n\n\n\n<p>Ya\u015fl\u0131lara ve engellilere, profesyoneller (hem\u015fireler ve psikologlar) ve g\u00f6n\u00fcll\u00fcler taraf\u0131ndan kaliteli ev yard\u0131m hizmetleri ve sa\u011fl\u0131k hizmetleri (kan bas\u0131nc\u0131, kan \u015fekeri, kolesterol ve trigliserit \u00f6l\u00e7\u00fcm\u00fc) sunulmaktad\u0131r.<\/p>\n\n\n\n<p>Yararlan\u0131c\u0131n\u0131n adresine vard\u0131klar\u0131nda, g\u00f6n\u00fcll\u00fcler a\u015fa\u011f\u0131daki hizmetleri sa\u011flar: psiko-sosyal destek, ev yard\u0131m\u0131, doktora refakat, y\u00fcr\u00fcy\u00fc\u015fe \u00e7\u0131kma, al\u0131\u015fveri\u015fe gitme, eczaneye gitme, idari hizmetler ve kullan\u0131c\u0131lar\u0131n hastal\u0131k ve ya\u015fl\u0131l\u0131k nedeniyle ba\u011f\u0131ms\u0131z olarak ger\u00e7ekle\u015ftiremedi\u011fi di\u011fer i\u015f t\u00fcrleri.<\/p>\n\n\n\n<p>G\u00f6n\u00fcll\u00fcler, her yararlan\u0131c\u0131y\u0131 haftada en az bir kez ziyaret etmekle y\u00fck\u00fcml\u00fcd\u00fcr ve haftan\u0131n sonunda proje koordinat\u00f6r\u00fcne g\u00f6nderecekleri bir rapor yazarlar.<\/p>\n\n\n\n<p>&#8220;Merhameta&#8221;, &#8220;Evde Bak\u0131m&#8221; projesini BH topraklar\u0131nda geni\u015fletmeyi planl\u0131yor.<\/p>\n<\/div>\n\n\n\n<div class=\"wp-block-column is-vertically-aligned-center is-layout-flow wp-block-column-is-layout-flow\">\n<figure class=\"wp-block-gallery has-nested-images columns-default is-cropped wp-block-gallery-1 is-layout-flex wp-block-gallery-is-layout-flex\">\n<figure class=\"wp-block-image size-full\"><img fetchpriority=\"high\" decoding=\"async\" width=\"800\" height=\"445\" data-id=\"165\" src=\"https:\/\/umerhamet.org\/wp-content\/uploads\/2023\/11\/Kucna-njega-glavna-slika-800x445-1.jpg\" alt=\"\" class=\"wp-image-165\" srcset=\"https:\/\/umerhamet.org\/wp-content\/uploads\/2023\/11\/Kucna-njega-glavna-slika-800x445-1.jpg 800w, https:\/\/umerhamet.org\/wp-content\/uploads\/2023\/11\/Kucna-njega-glavna-slika-800x445-1-600x334.jpg 600w, https:\/\/umerhamet.org\/wp-content\/uploads\/2023\/11\/Kucna-njega-glavna-slika-800x445-1-300x167.jpg 300w, https:\/\/umerhamet.org\/wp-content\/uploads\/2023\/11\/Kucna-njega-glavna-slika-800x445-1-768x427.jpg 768w\" sizes=\"(max-width: 800px) 100vw, 800px\" \/><\/figure>\n<\/figure>\n\n\n\n<figure class=\"wp-block-gallery has-nested-images columns-default is-cropped wp-block-gallery-2 is-layout-flex wp-block-gallery-is-layout-flex\">\n<figure class=\"wp-block-image size-large\"><img decoding=\"async\" width=\"1024\" height=\"576\" data-id=\"166\" src=\"https:\/\/umerhamet.org\/wp-content\/uploads\/2023\/11\/Kucna-njega-4-1024x576.jpg\" alt=\"\" class=\"wp-image-166\" srcset=\"https:\/\/umerhamet.org\/wp-content\/uploads\/2023\/11\/Kucna-njega-4-1024x576.jpg 1024w, https:\/\/umerhamet.org\/wp-content\/uploads\/2023\/11\/Kucna-njega-4-scaled-600x338.jpg 600w, https:\/\/umerhamet.org\/wp-content\/uploads\/2023\/11\/Kucna-njega-4-300x169.jpg 300w, https:\/\/umerhamet.org\/wp-content\/uploads\/2023\/11\/Kucna-njega-4-768x432.jpg 768w, https:\/\/umerhamet.org\/wp-content\/uploads\/2023\/11\/Kucna-njega-4-1536x864.jpg 1536w, https:\/\/umerhamet.org\/wp-content\/uploads\/2023\/11\/Kucna-njega-4-2048x1152.jpg 2048w\" sizes=\"(max-width: 1024px) 100vw, 1024px\" \/><\/figure>\n<\/figure>\n<\/div>\n<\/div>\n<\/div><\/div>\n","protected":false},"excerpt":{"rendered":"<p>MERHAMET DERNE\u011e\u0130 Kamu Mutfaklar\u0131 Evde bak\u0131m &#8221; \u2013 en \u00f6nemli &#8220;Merhamet&#8221; projelerinden biriYA\u015eLI, HASTA VE BITKIN BAKIMI &#8220;Merhamet&#8221;, en insanc\u0131l projelerinden biri olan &#8220;Evde Bak\u0131m&#8221; \u0131 ba\u015far\u0131yla uyguluyor. Projenin amac\u0131, zor ko\u015fullarda ya\u015fayan, \u00f6zellikle yaln\u0131z, hasta veya g\u00fcnl\u00fck i\u015fleyi\u015finde fiziksel olarak k\u0131s\u0131tl\u0131 olan, toplumdan ve sevdiklerinden maddi veya manevi destek alamayan ya\u015fl\u0131lara yard\u0131m sa\u011flamakt\u0131r. Ya\u015fl\u0131lara [&hellip;]<\/p>\n","protected":false},"author":1,"featured_media":0,"parent":0,"menu_order":0,"comment_status":"closed","ping_status":"closed","template":"","meta":{"footnotes":""},"class_list":["post-133","page","type-page","status-publish","hentry"],"aioseo_notices":[],"_links":{"self":[{"href":"https:\/\/umerhamet.org\/index.php?rest_route=\/wp\/v2\/pages\/133","targetHints":{"allow":["GET"]}}],"collection":[{"href":"https:\/\/umerhamet.org\/index.php?rest_route=\/wp\/v2\/pages"}],"about":[{"href":"https:\/\/umerhamet.org\/index.php?rest_route=\/wp\/v2\/types\/page"}],"author":[{"embeddable":true,"href":"https:\/\/umerhamet.org\/index.php?rest_route=\/wp\/v2\/users\/1"}],"replies":[{"embeddable":true,"href":"https:\/\/umerhamet.org\/index.php?rest_route=%2Fwp%2Fv2%2Fcomments&post=133"}],"version-history":[{"count":1,"href":"https:\/\/umerhamet.org\/index.php?rest_route=\/wp\/v2\/pages\/133\/revisions"}],"predecessor-version":[{"id":167,"href":"https:\/\/umerhamet.org\/index.php?rest_route=\/wp\/v2\/pages\/133\/revisions\/167"}],"wp:attachment":[{"href":"https:\/\/umerhamet.org\/index.php?rest_route=%2Fwp%2Fv2%2Fmedia&parent=133"}],"curies":[{"name":"wp","href":"https:\/\/api.w.org\/{rel}","templated":true}]}}