{"id":135,"date":"2023-11-06T15:55:30","date_gmt":"2023-11-06T15:55:30","guid":{"rendered":"https:\/\/umerhamet.org\/?page_id=135"},"modified":"2023-11-06T15:55:30","modified_gmt":"2023-11-06T15:55:30","slug":"temizlik-ve-saglik-projesi","status":"publish","type":"page","link":"https:\/\/umerhamet.org\/?page_id=135","title":{"rendered":"&#8220;Temizlik ve Sa\u011fl\u0131k&#8221; Projesi"},"content":{"rendered":"\n<div class=\"wp-block-group appartment-details\" style=\"padding-top:0;padding-right:0;padding-bottom:0;padding-left:0\"><div class=\"wp-block-group__inner-container is-layout-constrained wp-container-core-group-is-layout-829b5a96 wp-block-group-is-layout-constrained\">\n<h3 class=\"wp-block-heading has-text-align-center has-small-font-size\" style=\"font-style:normal;font-weight:500\">MERHAMET DERNE\u011e\u0130<\/h3>\n\n\n\n<h2 class=\"wp-block-heading has-text-align-center has-primary-color has-text-color has-large-font-size\" style=\"font-style:normal;font-weight:500\">&#8220;Temizlik ve Sa\u011fl\u0131k&#8221; Projesi<\/h2>\n\n\n\n<div style=\"height:50px\" aria-hidden=\"true\" class=\"wp-block-spacer\"><\/div>\n\n\n\n<div class=\"wp-block-columns are-vertically-aligned-center is-layout-flex wp-container-core-columns-is-layout-9d6595d7 wp-block-columns-is-layout-flex\">\n<div class=\"wp-block-column is-vertically-aligned-center is-layout-flow wp-block-column-is-layout-flow\">\n<h3 class=\"wp-block-heading\">\u00dcCRETSIZ BANYO, SA\u00c7 KESIMI VE SA\u011eLIK KONTROLLERI<\/h3>\n\n\n\n<p>&#8220;Merhamet&#8221; Travnik B\u00f6lge Kurulu, &#8220;Temizlik ve Sa\u011fl\u0131k &#8211; Halk Hamam\u0131&#8221; projesinin ger\u00e7ekle\u015ftirilmesiyle ba\u015flad\u0131. Bu, BH&#8217;de evsiz ve sosyal a\u00e7\u0131dan savunmas\u0131z n\u00fcfusa hijyeni sa\u011flamak i\u00e7in m\u00fcmk\u00fcn olan en iyi ko\u015fullar\u0131 sa\u011flamay\u0131 ama\u00e7layan bu t\u00fcr ilk projedir.<\/p>\n\n\n\n<p>&#8220;Temizlik ve Sa\u011fl\u0131k&#8221; projesi, sosyal tehlike alt\u0131ndaki vatanda\u015flara \u00fccretsiz hizmetler i\u00e7eriyor ve banyo yapmak, \u00e7ama\u015f\u0131r y\u0131kamak ve kurutmak, yeni k\u0131yafetlerin payla\u015f\u0131lmas\u0131, sa\u00e7 kesimi, t\u0131bbi muayeneler, yani di\u015f hekimlerinin muayeneleri, kad\u0131nlar i\u00e7in jinekologlara dan\u0131\u015fmak ve kahvalt\u0131, \u00e7ay, kahve ile oturma odas\u0131 ile ilgili.<\/p>\n\n\n\n<p>Projenin uygulanmas\u0131 i\u00e7in Travnik&#8217;teki &#8220;Merhamet&#8221;in evinde yeterli altyap\u0131 sa\u011fland\u0131.<\/p>\n\n\n\n<p>&#8220;Merhamet&#8217;in&#8221; projedeki ortaklar\u0131 \u015funlard\u0131r: Travnik Belediyesi, Travnik Sa\u011fl\u0131k Merkezi, Travnik Sosyal Hizmet Merkezi ve Kuaf\u00f6r &#8220;Rusko&#8221;.<\/p>\n\n\n\n<p>Di\u011fer &#8220;Merhamet&#8221; organizasyon birimleri &#8220;Merhamet&#8221; Travnik&#8217;i takip etmeye ba\u015flad\u0131, bu nedenle &#8220;Merhamet&#8221; Maglaj ve Zenica B\u00f6lge Komiteleri, zanaat liseleri \u00f6\u011frencileri, fizik b\u00f6l\u00fcm\u00fc ile i\u015fbirli\u011fi i\u00e7inde, bu belediyelerin sosyal a\u00e7\u0131dan savunmas\u0131z vatanda\u015flar\u0131 i\u00e7in d\u00fczenli olarak \u00fccretsiz bir sa\u00e7 kesimi d\u00fczenledi.<\/p>\n<\/div>\n\n\n\n<div class=\"wp-block-column is-vertically-aligned-center is-layout-flow wp-block-column-is-layout-flow\">\n<figure class=\"wp-block-gallery has-nested-images columns-default is-cropped wp-block-gallery-1 is-layout-flex wp-block-gallery-is-layout-flex\">\n<figure class=\"wp-block-image size-full\"><img fetchpriority=\"high\" decoding=\"async\" width=\"817\" height=\"613\" data-id=\"169\" src=\"https:\/\/umerhamet.org\/wp-content\/uploads\/2023\/11\/Cistoca-i-zdravlje-9.jpg\" alt=\"\" class=\"wp-image-169\" srcset=\"https:\/\/umerhamet.org\/wp-content\/uploads\/2023\/11\/Cistoca-i-zdravlje-9.jpg 817w, https:\/\/umerhamet.org\/wp-content\/uploads\/2023\/11\/Cistoca-i-zdravlje-9-600x450.jpg 600w, https:\/\/umerhamet.org\/wp-content\/uploads\/2023\/11\/Cistoca-i-zdravlje-9-300x225.jpg 300w, https:\/\/umerhamet.org\/wp-content\/uploads\/2023\/11\/Cistoca-i-zdravlje-9-768x576.jpg 768w\" sizes=\"(max-width: 817px) 100vw, 817px\" \/><\/figure>\n<\/figure>\n\n\n\n<figure class=\"wp-block-gallery has-nested-images columns-default is-cropped wp-block-gallery-2 is-layout-flex wp-block-gallery-is-layout-flex\">\n<figure class=\"wp-block-image size-large\"><img decoding=\"async\" width=\"1024\" height=\"683\" data-id=\"170\" src=\"https:\/\/umerhamet.org\/wp-content\/uploads\/2023\/11\/Cistoca-i-zdravlje-2-1024x683.jpg\" alt=\"\" class=\"wp-image-170\" srcset=\"https:\/\/umerhamet.org\/wp-content\/uploads\/2023\/11\/Cistoca-i-zdravlje-2-1024x683.jpg 1024w, https:\/\/umerhamet.org\/wp-content\/uploads\/2023\/11\/Cistoca-i-zdravlje-2-scaled-600x400.jpg 600w, https:\/\/umerhamet.org\/wp-content\/uploads\/2023\/11\/Cistoca-i-zdravlje-2-300x200.jpg 300w, https:\/\/umerhamet.org\/wp-content\/uploads\/2023\/11\/Cistoca-i-zdravlje-2-768x512.jpg 768w, https:\/\/umerhamet.org\/wp-content\/uploads\/2023\/11\/Cistoca-i-zdravlje-2-1536x1024.jpg 1536w, https:\/\/umerhamet.org\/wp-content\/uploads\/2023\/11\/Cistoca-i-zdravlje-2-2048x1365.jpg 2048w\" sizes=\"(max-width: 1024px) 100vw, 1024px\" \/><\/figure>\n<\/figure>\n<\/div>\n<\/div>\n<\/div><\/div>\n","protected":false},"excerpt":{"rendered":"<p>MERHAMET DERNE\u011e\u0130 &#8220;Temizlik ve Sa\u011fl\u0131k&#8221; Projesi \u00dcCRETSIZ BANYO, SA\u00c7 KESIMI VE SA\u011eLIK KONTROLLERI &#8220;Merhamet&#8221; Travnik B\u00f6lge Kurulu, &#8220;Temizlik ve Sa\u011fl\u0131k &#8211; Halk Hamam\u0131&#8221; projesinin ger\u00e7ekle\u015ftirilmesiyle ba\u015flad\u0131. Bu, BH&#8217;de evsiz ve sosyal a\u00e7\u0131dan savunmas\u0131z n\u00fcfusa hijyeni sa\u011flamak i\u00e7in m\u00fcmk\u00fcn olan en iyi ko\u015fullar\u0131 sa\u011flamay\u0131 ama\u00e7layan bu t\u00fcr ilk projedir. &#8220;Temizlik ve Sa\u011fl\u0131k&#8221; projesi, sosyal tehlike alt\u0131ndaki [&hellip;]<\/p>\n","protected":false},"author":1,"featured_media":0,"parent":0,"menu_order":0,"comment_status":"closed","ping_status":"closed","template":"","meta":{"footnotes":""},"class_list":["post-135","page","type-page","status-publish","hentry"],"aioseo_notices":[],"_links":{"self":[{"href":"https:\/\/umerhamet.org\/index.php?rest_route=\/wp\/v2\/pages\/135","targetHints":{"allow":["GET"]}}],"collection":[{"href":"https:\/\/umerhamet.org\/index.php?rest_route=\/wp\/v2\/pages"}],"about":[{"href":"https:\/\/umerhamet.org\/index.php?rest_route=\/wp\/v2\/types\/page"}],"author":[{"embeddable":true,"href":"https:\/\/umerhamet.org\/index.php?rest_route=\/wp\/v2\/users\/1"}],"replies":[{"embeddable":true,"href":"https:\/\/umerhamet.org\/index.php?rest_route=%2Fwp%2Fv2%2Fcomments&post=135"}],"version-history":[{"count":2,"href":"https:\/\/umerhamet.org\/index.php?rest_route=\/wp\/v2\/pages\/135\/revisions"}],"predecessor-version":[{"id":171,"href":"https:\/\/umerhamet.org\/index.php?rest_route=\/wp\/v2\/pages\/135\/revisions\/171"}],"wp:attachment":[{"href":"https:\/\/umerhamet.org\/index.php?rest_route=%2Fwp%2Fv2%2Fmedia&parent=135"}],"curies":[{"name":"wp","href":"https:\/\/api.w.org\/{rel}","templated":true}]}}