{"id":136,"date":"2023-11-06T15:59:26","date_gmt":"2023-11-06T15:59:26","guid":{"rendered":"https:\/\/umerhamet.org\/?page_id=136"},"modified":"2023-11-06T15:59:26","modified_gmt":"2023-11-06T15:59:26","slug":"muradif-qato-odulu","status":"publish","type":"page","link":"https:\/\/umerhamet.org\/?page_id=136","title":{"rendered":"&#8220;Muradif QATO&#8221; \u00f6d\u00fcl\u00fc"},"content":{"rendered":"\n<div class=\"wp-block-group appartment-details\" style=\"padding-top:0;padding-right:0;padding-bottom:0;padding-left:0\"><div class=\"wp-block-group__inner-container is-layout-constrained wp-container-core-group-is-layout-829b5a96 wp-block-group-is-layout-constrained\">\n<h3 class=\"wp-block-heading has-text-align-center has-small-font-size\" style=\"font-style:normal;font-weight:500\">MERHAMET DERNE\u011e\u0130<\/h3>\n\n\n\n<h2 class=\"wp-block-heading has-text-align-center has-primary-color has-text-color has-large-font-size\" style=\"font-style:normal;font-weight:500\">&#8220;Muradif QATO&#8221; \u00f6d\u00fcl\u00fc<\/h2>\n\n\n\n<div style=\"height:50px\" aria-hidden=\"true\" class=\"wp-block-spacer\"><\/div>\n\n\n\n<div class=\"wp-block-columns are-vertically-aligned-center is-layout-flex wp-container-core-columns-is-layout-9d6595d7 wp-block-columns-is-layout-flex\">\n<div class=\"wp-block-column is-vertically-aligned-center is-layout-flow wp-block-column-is-layout-flow\">\n<h3 class=\"wp-block-heading\">BH&#8217;DE VE YURTDI\u015eINDA BIR\u00c7OK \u00d6NEMLI \u015eAHSIYETI \u00d6D\u00dcLLENDIRDI<\/h3>\n\n\n\n<p>Ad\u0131n\u0131 bu b\u00fcy\u00fck hay\u0131rsever ve vak\u0131ftan alan &#8220;Muradif Qato&#8221; \u00f6d\u00fcl\u00fc 2003 y\u0131l\u0131nda kurulmu\u015ftur. Ayn\u0131 y\u0131l, bu vakf\u0131n birincilik \u00f6d\u00fcl\u00fc BH Cumhuriyeti&#8217;nin ilk Cumhurba\u015fkan\u0131 Aliya \u0130zzetbegovi\u00e7&#8217;e ve Bo\u015fnak K\u00fclt\u00fcr Toplulu\u011fu &#8220;Preporod&#8221;a verildi.<\/p>\n\n\n\n<p>Bir y\u0131l sonra, \u00f6d\u00fcl Amor Ma\u0161ovi\u0107 ve &#8220;Srebrenitsa ve Zepa yerle\u015fim b\u00f6lgelerinin anneleri&#8221; Derne\u011fi&#8217;ne verildi. 2005 y\u0131l\u0131 i\u00e7in bu de\u011ferli \u00f6d\u00fcl, &#8220;Kad\u0131n \u2013 Sava\u015f Ma\u011fduru&#8221; Derne\u011fi ve BH&#8217;den reisu-l-ulema Dr. Mustafi ef. 2006 y\u0131l\u0131nda Adil Zulfikarpa\u0161i\u0107, Muhamed Filipovi\u0107 ve Prof. Dr. Faris Gavrankapetanovi\u0107 \u00f6d\u00fcl\u00fc ald\u0131.<\/p>\n\n\n\n<p>2007 y\u0131l\u0131nda Fata Orlovi\u0107, Prof. Dr. Smail \u010ceki\u0107 ve i\u015fadam\u0131 Red\u017ea Bekta&#8217;ya, 2008 y\u0131l\u0131nda ise Haf\u0131z Mehmed Karahod\u017ei\u0107, Prof. Dr. Ejup Gani\u0107 ve Bh. Yazar ayd\u0131nlat\u0131lmak istemiyor. \u00d6d\u00fcl\u00fc 2009 y\u0131l\u0131nda Tehlike Alt\u0131ndaki Milletler Derne\u011fi Bosna Hersek B\u00f6l\u00fcm\u00fc Ba\u015fkan\u0131 Fadila Memi\u0161evi\u0107 ve Prof. Dr. Enver Imamovi\u0107, 2010 y\u0131l\u0131nda ise ressamlar Safet Zec ve Halil Tikve\u0161a ile besteci Asim Horozi\u0107 ald\u0131.<\/p>\n\n\n\n<p>2011 y\u0131l\u0131 &#8220;Muradif \u0106ato&#8221; \u00f6d\u00fcl\u00fc yazar D\u017eevad Karahasan ve Banja Luka M\u00fcft\u00fcs\u00fc Edhem&#8217;e verildi. \u010camd\u017ei\u0107 ve 2012 i\u00e7in TRT muhabiri Bekim Muftarevi\u0107.<\/p>\n\n\n\n<p>2013 y\u0131l\u0131nda \u00f6d\u00fcl, yazar Isnam Talji\u0107 ve Mostar M\u00fcft\u00fcs\u00fc Seid ef&#8217;e verildi. Smajki\u0107, 2014 y\u0131l\u0131 \u00f6d\u00fcl\u00fc ise Bosna Hersek&#8217;in T\u00fcrkiye B\u00fcy\u00fckel\u00e7isi Damir D\u017eanko&#8217;ya verildi. Bir y\u0131l sonra, bu \u00f6d\u00fcl en ba\u015far\u0131l\u0131 BH&#8217;ye verildi. atlet Amel Tuka ve \u00f6d\u00fcl \u00f6l\u00fcm\u00fcnden sonra &#8220;Merhamet&#8221; eski ba\u015fkan\u0131 Edah Be\u0107irbegovi\u0107&#8217;e verildi.<\/p>\n\n\n\n<p>HO &#8220;Merhamet&#8221; MDD Y\u00f6netim Kurulu&#8217;nun oybirli\u011fiyle ald\u0131\u011f\u0131 kararla, 2016 y\u0131l\u0131 \u00f6d\u00fcl sahipleri Bh. yazar ve akademisyen Abdulah Sidran ve &#8220;Muradif \u0106ato&#8221; \u00d6d\u00fcl\u00fc ilk kez BH binas\u0131 d\u0131\u015f\u0131nda, yani Belgrad&#8217;dan &#8220;Siyahl\u0131 Kad\u0131nlar&#8221; Derne\u011fi&#8217;ne verildi.<\/p>\n<\/div>\n\n\n\n<div class=\"wp-block-column is-vertically-aligned-center is-layout-flow wp-block-column-is-layout-flow\">\n<figure class=\"wp-block-gallery has-nested-images columns-default is-cropped wp-block-gallery-1 is-layout-flex wp-block-gallery-is-layout-flex\">\n<figure class=\"wp-block-image size-large\"><img fetchpriority=\"high\" decoding=\"async\" width=\"1024\" height=\"685\" data-id=\"175\" src=\"https:\/\/umerhamet.org\/wp-content\/uploads\/2023\/11\/Muradif-Cato-slika-11-1024x685.jpg\" alt=\"\" class=\"wp-image-175\" srcset=\"https:\/\/umerhamet.org\/wp-content\/uploads\/2023\/11\/Muradif-Cato-slika-11-1024x685.jpg 1024w, https:\/\/umerhamet.org\/wp-content\/uploads\/2023\/11\/Muradif-Cato-slika-11-scaled-600x402.jpg 600w, https:\/\/umerhamet.org\/wp-content\/uploads\/2023\/11\/Muradif-Cato-slika-11-300x201.jpg 300w, https:\/\/umerhamet.org\/wp-content\/uploads\/2023\/11\/Muradif-Cato-slika-11-768x514.jpg 768w, https:\/\/umerhamet.org\/wp-content\/uploads\/2023\/11\/Muradif-Cato-slika-11-1536x1028.jpg 1536w, https:\/\/umerhamet.org\/wp-content\/uploads\/2023\/11\/Muradif-Cato-slika-11-2048x1371.jpg 2048w\" sizes=\"(max-width: 1024px) 100vw, 1024px\" \/><\/figure>\n<\/figure>\n\n\n\n<figure class=\"wp-block-gallery has-nested-images columns-default is-cropped wp-block-gallery-2 is-layout-flex wp-block-gallery-is-layout-flex\">\n<figure class=\"wp-block-image size-large\"><img decoding=\"async\" width=\"1024\" height=\"768\" data-id=\"176\" src=\"https:\/\/umerhamet.org\/wp-content\/uploads\/2023\/11\/Muradif-Cato-glavna-slika-1024x768.jpg\" alt=\"\" class=\"wp-image-176\" srcset=\"https:\/\/umerhamet.org\/wp-content\/uploads\/2023\/11\/Muradif-Cato-glavna-slika-1024x768.jpg 1024w, https:\/\/umerhamet.org\/wp-content\/uploads\/2023\/11\/Muradif-Cato-glavna-slika-scaled-600x450.jpg 600w, https:\/\/umerhamet.org\/wp-content\/uploads\/2023\/11\/Muradif-Cato-glavna-slika-300x225.jpg 300w, https:\/\/umerhamet.org\/wp-content\/uploads\/2023\/11\/Muradif-Cato-glavna-slika-768x576.jpg 768w, https:\/\/umerhamet.org\/wp-content\/uploads\/2023\/11\/Muradif-Cato-glavna-slika-1536x1152.jpg 1536w, https:\/\/umerhamet.org\/wp-content\/uploads\/2023\/11\/Muradif-Cato-glavna-slika-2048x1536.jpg 2048w\" sizes=\"(max-width: 1024px) 100vw, 1024px\" \/><\/figure>\n<\/figure>\n<\/div>\n<\/div>\n<\/div><\/div>\n","protected":false},"excerpt":{"rendered":"<p>MERHAMET DERNE\u011e\u0130 &#8220;Muradif QATO&#8221; \u00f6d\u00fcl\u00fc BH&#8217;DE VE YURTDI\u015eINDA BIR\u00c7OK \u00d6NEMLI \u015eAHSIYETI \u00d6D\u00dcLLENDIRDI Ad\u0131n\u0131 bu b\u00fcy\u00fck hay\u0131rsever ve vak\u0131ftan alan &#8220;Muradif Qato&#8221; \u00f6d\u00fcl\u00fc 2003 y\u0131l\u0131nda kurulmu\u015ftur. Ayn\u0131 y\u0131l, bu vakf\u0131n birincilik \u00f6d\u00fcl\u00fc BH Cumhuriyeti&#8217;nin ilk Cumhurba\u015fkan\u0131 Aliya \u0130zzetbegovi\u00e7&#8217;e ve Bo\u015fnak K\u00fclt\u00fcr Toplulu\u011fu &#8220;Preporod&#8221;a verildi. Bir y\u0131l sonra, \u00f6d\u00fcl Amor Ma\u0161ovi\u0107 ve &#8220;Srebrenitsa ve Zepa yerle\u015fim b\u00f6lgelerinin [&hellip;]<\/p>\n","protected":false},"author":1,"featured_media":0,"parent":0,"menu_order":0,"comment_status":"closed","ping_status":"closed","template":"","meta":{"footnotes":""},"class_list":["post-136","page","type-page","status-publish","hentry"],"aioseo_notices":[],"_links":{"self":[{"href":"https:\/\/umerhamet.org\/index.php?rest_route=\/wp\/v2\/pages\/136","targetHints":{"allow":["GET"]}}],"collection":[{"href":"https:\/\/umerhamet.org\/index.php?rest_route=\/wp\/v2\/pages"}],"about":[{"href":"https:\/\/umerhamet.org\/index.php?rest_route=\/wp\/v2\/types\/page"}],"author":[{"embeddable":true,"href":"https:\/\/umerhamet.org\/index.php?rest_route=\/wp\/v2\/users\/1"}],"replies":[{"embeddable":true,"href":"https:\/\/umerhamet.org\/index.php?rest_route=%2Fwp%2Fv2%2Fcomments&post=136"}],"version-history":[{"count":4,"href":"https:\/\/umerhamet.org\/index.php?rest_route=\/wp\/v2\/pages\/136\/revisions"}],"predecessor-version":[{"id":177,"href":"https:\/\/umerhamet.org\/index.php?rest_route=\/wp\/v2\/pages\/136\/revisions\/177"}],"wp:attachment":[{"href":"https:\/\/umerhamet.org\/index.php?rest_route=%2Fwp%2Fv2%2Fmedia&parent=136"}],"curies":[{"name":"wp","href":"https:\/\/api.w.org\/{rel}","templated":true}]}}