{"id":240,"date":"2023-11-10T14:15:40","date_gmt":"2023-11-10T14:15:40","guid":{"rendered":"https:\/\/umerhamet.org\/?page_id=240"},"modified":"2023-11-10T19:20:13","modified_gmt":"2023-11-10T19:20:13","slug":"haberler","status":"publish","type":"page","link":"https:\/\/umerhamet.org\/?page_id=240","title":{"rendered":"HABERLER"},"content":{"rendered":"\n<div class=\"wp-block-group\" style=\"margin-top:0px;margin-bottom:0px;padding-top:60px;padding-right:20px;padding-bottom:60px;padding-left:20px\"><div class=\"wp-block-group__inner-container is-layout-constrained wp-container-core-group-is-layout-e17ca7a8 wp-block-group-is-layout-constrained\">\n<div class=\"wp-block-group alignwide\"><div class=\"wp-block-group__inner-container is-layout-flow wp-block-group-is-layout-flow\">\n<div class=\"wp-block-group alignwide section_head\"><div class=\"wp-block-group__inner-container is-layout-flow wp-block-group-is-layout-flow\">\n<h4 class=\"wp-block-heading has-text-align-center section_sub_title has-primary-color has-text-color\" style=\"font-size:20px;font-style:normal;font-weight:500\">MERHAMET<\/h4>\n\n\n\n<hr class=\"wp-block-separator has-text-color has-primary-color has-alpha-channel-opacity has-primary-background-color has-background\" style=\"margin-top:10px;margin-bottom:20px\"\/>\n\n\n\n<h2 class=\"wp-block-heading has-text-align-center section_title has-big-font-size\" style=\"margin-top:0px\">HABERLER<\/h2>\n\n\n\n<p class=\"has-text-align-center\" style=\"margin-right:0;margin-left:0;padding-top:0;padding-right:0;padding-bottom:0;padding-left:0\">Derne\u011fimizin faaliyetleri hakk\u0131ndaki haberler.<\/p>\n<\/div><\/div>\n\n\n\n<div style=\"height:30px\" aria-hidden=\"true\" class=\"wp-block-spacer\"><\/div>\n\n\n\n<div class=\"wp-block-query is-layout-flow wp-block-query-is-layout-flow\"><ul class=\"columns-3 wp-block-post-template is-layout-grid wp-container-core-post-template-is-layout-2fc57c17 wp-block-post-template-is-layout-grid\"><li class=\"wp-block-post post-434 post type-post status-publish format-standard has-post-thumbnail hentry category-haberler\">\n\n<div class=\"wp-block-group\"><div class=\"wp-block-group__inner-container is-layout-constrained wp-block-group-is-layout-constrained\">\n<div class=\"wp-block-group\"><div class=\"wp-block-group__inner-container is-layout-constrained wp-block-group-is-layout-constrained\"><figure class=\"news-thumb-wrap wp-block-post-featured-image\"><a href=\"https:\/\/umerhamet.org\/?p=434\" target=\"_self\"  ><img fetchpriority=\"high\" decoding=\"async\" width=\"300\" height=\"225\" src=\"https:\/\/umerhamet.org\/wp-content\/uploads\/2023\/11\/WhatsApp-Gorsel-2023-11-29-saat-16.01.53_849bbdf8.jpg\" class=\"attachment-post-thumbnail size-post-thumbnail wp-post-image\" alt=\"TAKAFUL \u201c Yard\u0131mla\u015fma Derne\u011finin Ba\u015fkan\u0131 Dr.Daniel Basbous ve ekibinin ziyareti\" style=\"object-fit:cover;\" srcset=\"https:\/\/umerhamet.org\/wp-content\/uploads\/2023\/11\/WhatsApp-Gorsel-2023-11-29-saat-16.01.53_849bbdf8.jpg 2048w, https:\/\/umerhamet.org\/wp-content\/uploads\/2023\/11\/WhatsApp-Gorsel-2023-11-29-saat-16.01.53_849bbdf8-600x450.jpg 600w\" sizes=\"(max-width: 300px) 100vw, 300px\" \/><\/a><\/figure><\/div><\/div>\n\n\n\n<div class=\"wp-block-group\"><div class=\"wp-block-group__inner-container is-layout-constrained wp-block-group-is-layout-constrained\"><h5 style=\"font-style:normal;font-weight:600;line-height:1.2;\" class=\"wp-block-post-title has-regular-font-size\"><a href=\"https:\/\/umerhamet.org\/?p=434\" target=\"_self\" >TAKAFUL \u201c Yard\u0131mla\u015fma Derne\u011finin Ba\u015fkan\u0131 Dr.Daniel Basbous ve ekibinin ziyareti<\/a><\/h5>\n\n<div class=\"wp-block-post-excerpt\"><p class=\"wp-block-post-excerpt__excerpt\">TAKAFUL \u201c Yard\u0131mla\u015fma Derne\u011finin Ba\u015fkan\u0131 Dr.Daniel Basbous ve ekibinin ziyareti 2004 Y\u0131l\u0131nda Yard\u0131ma muhta\u00e7 ihtiya\u00e7 sahibi Filistinli \u00e7ocuklara yard\u0131m etmek i\u00e7in Merkezi L\u00fcbnan \u00dclkesinin Ba\u015fkenti olan Beyrut\u2019ta kurulan \u201c TAKAFUL \u201c Yard\u0131mla\u015fma Derne\u011finin Ba\u015fkan\u0131 Dr.Daniel Basbous ve ekibi Uluslaras\u0131 Merhamet Derne\u011fimize Hay\u0131rl\u0131 olsun ziyaretine gelmi\u015ftir. Dr.Daniel Basbous ve ekibiyle \u00e7ok verimli isti\u015farelerde bulunduk. TAKAFUL Yard\u0131mla\u015fma&hellip; <\/p><\/div><\/div><\/div>\n<\/div><\/div>\n\n<\/li><li class=\"wp-block-post post-395 post type-post status-publish format-standard has-post-thumbnail hentry category-haberler\">\n\n<div class=\"wp-block-group\"><div class=\"wp-block-group__inner-container is-layout-constrained wp-block-group-is-layout-constrained\">\n<div class=\"wp-block-group\"><div class=\"wp-block-group__inner-container is-layout-constrained wp-block-group-is-layout-constrained\"><figure class=\"news-thumb-wrap wp-block-post-featured-image\"><a href=\"https:\/\/umerhamet.org\/?p=395\" target=\"_self\"  ><img decoding=\"async\" width=\"300\" height=\"200\" src=\"https:\/\/umerhamet.org\/wp-content\/uploads\/2023\/11\/WhatsApp-Gorsel-2023-11-26-saat-18.25.08_14cedd04.jpg\" class=\"attachment-post-thumbnail size-post-thumbnail wp-post-image\" alt=\"Uluslararas\u0131 Merhamet Derne\u011fimizin a\u00e7\u0131l\u0131\u015f\u0131\" style=\"object-fit:cover;\" srcset=\"https:\/\/umerhamet.org\/wp-content\/uploads\/2023\/11\/WhatsApp-Gorsel-2023-11-26-saat-18.25.08_14cedd04.jpg 1600w, https:\/\/umerhamet.org\/wp-content\/uploads\/2023\/11\/WhatsApp-Gorsel-2023-11-26-saat-18.25.08_14cedd04-600x400.jpg 600w, https:\/\/umerhamet.org\/wp-content\/uploads\/2023\/11\/WhatsApp-Gorsel-2023-11-26-saat-18.25.08_14cedd04-300x200.jpg 300w, https:\/\/umerhamet.org\/wp-content\/uploads\/2023\/11\/WhatsApp-Gorsel-2023-11-26-saat-18.25.08_14cedd04-1024x682.jpg 1024w, https:\/\/umerhamet.org\/wp-content\/uploads\/2023\/11\/WhatsApp-Gorsel-2023-11-26-saat-18.25.08_14cedd04-768x512.jpg 768w, https:\/\/umerhamet.org\/wp-content\/uploads\/2023\/11\/WhatsApp-Gorsel-2023-11-26-saat-18.25.08_14cedd04-1536x1023.jpg 1536w\" sizes=\"(max-width: 300px) 100vw, 300px\" \/><\/a><\/figure><\/div><\/div>\n\n\n\n<div class=\"wp-block-group\"><div class=\"wp-block-group__inner-container is-layout-constrained wp-block-group-is-layout-constrained\"><h5 style=\"font-style:normal;font-weight:600;line-height:1.2;\" class=\"wp-block-post-title has-regular-font-size\"><a href=\"https:\/\/umerhamet.org\/?p=395\" target=\"_self\" >Uluslararas\u0131 Merhamet Derne\u011fimizin a\u00e7\u0131l\u0131\u015f\u0131<\/a><\/h5>\n\n<div class=\"wp-block-post-excerpt\"><p class=\"wp-block-post-excerpt__excerpt\">Uluslararas\u0131 Merhamet Derne\u011fimizin a\u00e7\u0131l\u0131\u015f\u0131 Uluslararas\u0131 Merhamet Derne\u011fimizin a\u00e7\u0131l\u0131\u015f\u0131na \u00f6zel t\u00f6renine kat\u0131lan \u0130stanbul Milletvekilimiz Adem Yildirim Bayrampa\u015fa Kaymakam\u0131m\u0131z Soner \u015eenel Bayrampa\u015fa Belediye ba\u015fkan\u0131m\u0131z Atila Ayd\u0131ner Bosna Hersek Merhamet Derne\u011fi Ba\u015fkan\u0131 Kenan Vrbanjac AK Parti Bayrampa\u015fa \u0130l\u00e7e Ba\u015fkan\u0131m\u0131z Ersin Sa\u00e7l\u0131 Saadet Partisi Bayrampa\u015fa il\u00e7e Ba\u015fkan\u0131 H\u00fcseyin G\u00fcls\u00fcmer \u00f6nceki d\u00f6nem milletvekillerimiz Bahri Sipahi ve Kansu H\u00fcseyin Diyanet Vakf\u0131&hellip; <\/p><\/div><\/div><\/div>\n<\/div><\/div>\n\n<\/li><li class=\"wp-block-post post-274 post type-post status-publish format-standard has-post-thumbnail hentry category-haberler\">\n\n<div class=\"wp-block-group\"><div class=\"wp-block-group__inner-container is-layout-constrained wp-block-group-is-layout-constrained\">\n<div class=\"wp-block-group\"><div class=\"wp-block-group__inner-container is-layout-constrained wp-block-group-is-layout-constrained\"><figure class=\"news-thumb-wrap wp-block-post-featured-image\"><a href=\"https:\/\/umerhamet.org\/?p=274\" target=\"_self\"  ><img decoding=\"async\" width=\"300\" height=\"200\" src=\"https:\/\/umerhamet.org\/wp-content\/uploads\/2023\/11\/Turska-zemljotres-1.jpg\" class=\"attachment-post-thumbnail size-post-thumbnail wp-post-image\" alt=\"&#8220;Merhamet&#8221;, &#8220;Y\u0131k\u0131c\u0131 depremin vurdu\u011fu T\u00fcrkiye ve Suriye halk\u0131na yard\u0131m edin&#8221; eylemini ba\u015flatt\u0131\" style=\"object-fit:cover;\" srcset=\"https:\/\/umerhamet.org\/wp-content\/uploads\/2023\/11\/Turska-zemljotres-1.jpg 700w, https:\/\/umerhamet.org\/wp-content\/uploads\/2023\/11\/Turska-zemljotres-1-600x399.jpg 600w, https:\/\/umerhamet.org\/wp-content\/uploads\/2023\/11\/Turska-zemljotres-1-300x200.jpg 300w\" sizes=\"(max-width: 300px) 100vw, 300px\" \/><\/a><\/figure><\/div><\/div>\n\n\n\n<div class=\"wp-block-group\"><div class=\"wp-block-group__inner-container is-layout-constrained wp-block-group-is-layout-constrained\"><h5 style=\"font-style:normal;font-weight:600;line-height:1.2;\" class=\"wp-block-post-title has-regular-font-size\"><a href=\"https:\/\/umerhamet.org\/?p=274\" target=\"_self\" >&#8220;Merhamet&#8221;, &#8220;Y\u0131k\u0131c\u0131 depremin vurdu\u011fu T\u00fcrkiye ve Suriye halk\u0131na yard\u0131m edin&#8221; eylemini ba\u015flatt\u0131<\/a><\/h5>\n\n<div class=\"wp-block-post-excerpt\"><p class=\"wp-block-post-excerpt__excerpt\">MERHAMET DERNE\u011e\u0130 &#8220;Merhamet&#8221;, &#8220;Y\u0131k\u0131c\u0131 depremin vurdu\u011fu T\u00fcrkiye ve Suriye halk\u0131na yard\u0131m edin&#8221; eylemini ba\u015flatt\u0131 AFR\u0130N, 25 \u015eubat Bu sabah T\u00fcrkiye&#8217;nin g\u00fcneydo\u011fusunu vuran y\u0131k\u0131c\u0131 depremin ard\u0131ndan, M\u00fcsl\u00fcman Yard\u0131m Kurulu\u015fu &#8220;Merhamet&#8221;, &#8220;Y\u0131k\u0131c\u0131 bir depremin vurdu\u011fu T\u00fcrkiye ve Suriye halk\u0131na yard\u0131m etmek&#8221; i\u00e7in bir insani yard\u0131m faaliyeti ba\u015flatt\u0131. 6 \u015eubat&#8217;tan 6 May\u0131s 2023&#8217;e kadar s\u00fcrecek olan eylem, &#8220;Merhamet&#8221;&hellip; <\/p><\/div><\/div><\/div>\n<\/div><\/div>\n\n<\/li><li class=\"wp-block-post post-270 post type-post status-publish format-standard has-post-thumbnail hentry category-haberler\">\n\n<div class=\"wp-block-group\"><div class=\"wp-block-group__inner-container is-layout-constrained wp-block-group-is-layout-constrained\">\n<div class=\"wp-block-group\"><div class=\"wp-block-group__inner-container is-layout-constrained wp-block-group-is-layout-constrained\"><figure class=\"news-thumb-wrap wp-block-post-featured-image\"><a href=\"https:\/\/umerhamet.org\/?p=270\" target=\"_self\"  ><img loading=\"lazy\" decoding=\"async\" width=\"300\" height=\"186\" src=\"https:\/\/umerhamet.org\/wp-content\/uploads\/2023\/11\/Skupljanje-pomoci-1.gif\" class=\"attachment-post-thumbnail size-post-thumbnail wp-post-image\" alt=\"BH&#8217;nin d\u00f6rt bir yan\u0131ndaki noktalar, T\u00fcrkiye ve Suriye&#8217;ye mal yard\u0131m\u0131 toplamak i\u00e7in\" style=\"object-fit:cover;\" \/><\/a><\/figure><\/div><\/div>\n\n\n\n<div class=\"wp-block-group\"><div class=\"wp-block-group__inner-container is-layout-constrained wp-block-group-is-layout-constrained\"><h5 style=\"font-style:normal;font-weight:600;line-height:1.2;\" class=\"wp-block-post-title has-regular-font-size\"><a href=\"https:\/\/umerhamet.org\/?p=270\" target=\"_self\" >BH&#8217;nin d\u00f6rt bir yan\u0131ndaki noktalar, T\u00fcrkiye ve Suriye&#8217;ye mal yard\u0131m\u0131 toplamak i\u00e7in<\/a><\/h5>\n\n<div class=\"wp-block-post-excerpt\"><p class=\"wp-block-post-excerpt__excerpt\">MERHAMET DERNE\u011e\u0130 BH&#8217;nin d\u00f6rt bir yan\u0131ndaki noktalar, T\u00fcrkiye ve Suriye&#8217;ye mal yard\u0131m\u0131 toplamak i\u00e7in AFR\u0130N, 25 \u015eubat T\u00fcrkiye ve Suriye&#8217;de depremden etkilenen b\u00f6lgeye ilk &#8220;Merhamet&#8221; ekibi geldikten ve sahadaki durum ve ihtiya\u00e7lara bakt\u0131ktan sonra, BH&#8217;deki \u0130slam Cemaati ile i\u015fbirli\u011fi i\u00e7inde insani bir numara ve \u00f6zel bir hesap arac\u0131l\u0131\u011f\u0131yla mali yard\u0131m toplamaya ba\u015flamaya karar verildi. \u0130htiyac\u0131n&hellip; <\/p><\/div><\/div><\/div>\n<\/div><\/div>\n\n<\/li><li class=\"wp-block-post post-267 post type-post status-publish format-standard has-post-thumbnail hentry category-haberler\">\n\n<div class=\"wp-block-group\"><div class=\"wp-block-group__inner-container is-layout-constrained wp-block-group-is-layout-constrained\">\n<div class=\"wp-block-group\"><div class=\"wp-block-group__inner-container is-layout-constrained wp-block-group-is-layout-constrained\"><figure class=\"news-thumb-wrap wp-block-post-featured-image\"><a href=\"https:\/\/umerhamet.org\/?p=267\" target=\"_self\"  ><img loading=\"lazy\" decoding=\"async\" width=\"300\" height=\"169\" src=\"https:\/\/umerhamet.org\/wp-content\/uploads\/2023\/11\/Konvoj-za-Tursku-i-Siriju.gif\" class=\"attachment-post-thumbnail size-post-thumbnail wp-post-image\" alt=\"\u0130slam Cemaati ve &#8220;Merhamet&#8221;ten yirmi t\u0131r yard\u0131m T\u00fcrkiye ve Suriye&#8217;ye do\u011fru yola \u00e7\u0131kt\u0131\" style=\"object-fit:cover;\" \/><\/a><\/figure><\/div><\/div>\n\n\n\n<div class=\"wp-block-group\"><div class=\"wp-block-group__inner-container is-layout-constrained wp-block-group-is-layout-constrained\"><h5 style=\"font-style:normal;font-weight:600;line-height:1.2;\" class=\"wp-block-post-title has-regular-font-size\"><a href=\"https:\/\/umerhamet.org\/?p=267\" target=\"_self\" >\u0130slam Cemaati ve &#8220;Merhamet&#8221;ten yirmi t\u0131r yard\u0131m T\u00fcrkiye ve Suriye&#8217;ye do\u011fru yola \u00e7\u0131kt\u0131<\/a><\/h5>\n\n<div class=\"wp-block-post-excerpt\"><p class=\"wp-block-post-excerpt__excerpt\">MERHAMET DERNE\u011e\u0130 \u0130slam Cemaati ve &#8220;Merhamet&#8221;ten yirmi t\u0131r yard\u0131m T\u00fcrkiye ve Suriye&#8217;ye do\u011fru yola \u00e7\u0131kt\u0131 TUZLA, 20 \u015eubat Bosna-Hersek \u0130slam Cemaati Riyaseti ve Bosna-Hersek&#8217;teki Turkiya B\u00fcy\u00fckel\u00e7ili\u011fi temsilcilerinin huzurunda M\u00fcsl\u00fcman Yard\u0131m Cemiyeti &#8220;Merhamet&#8221;, bug\u00fcn Tuzla&#8217;dan T\u00fcrkiye ve Suriye&#8217;deki depremlerden etkilenen illerde nesli t\u00fckenmekte olan n\u00fcfus i\u00e7in 20 kamyonluk bir yard\u0131m konvoyuna e\u015flik etti. \u2013 Bug\u00fcn T\u00fcrkiye&hellip; <\/p><\/div><\/div><\/div>\n<\/div><\/div>\n\n<\/li><li class=\"wp-block-post post-259 post type-post status-publish format-standard has-post-thumbnail hentry category-haberler\">\n\n<div class=\"wp-block-group\"><div class=\"wp-block-group__inner-container is-layout-constrained wp-block-group-is-layout-constrained\">\n<div class=\"wp-block-group\"><div class=\"wp-block-group__inner-container is-layout-constrained wp-block-group-is-layout-constrained\"><figure class=\"news-thumb-wrap wp-block-post-featured-image\"><a href=\"https:\/\/umerhamet.org\/?p=259\" target=\"_self\"  ><img loading=\"lazy\" decoding=\"async\" width=\"300\" height=\"225\" src=\"https:\/\/umerhamet.org\/wp-content\/uploads\/2023\/11\/Konvoj-u-skladistu-AFAD-7.gif\" class=\"attachment-post-thumbnail size-post-thumbnail wp-post-image\" alt=\"&#8220;Merhamet&#8221; ve Bosna Hersek \u0130slam Cemaati&#8217;nin yard\u0131m konvoyu T\u00fcrkiye&#8217;deki AFAD deposuna ula\u015ft\u0131\" style=\"object-fit:cover;\" \/><\/a><\/figure><\/div><\/div>\n\n\n\n<div class=\"wp-block-group\"><div class=\"wp-block-group__inner-container is-layout-constrained wp-block-group-is-layout-constrained\"><h5 style=\"font-style:normal;font-weight:600;line-height:1.2;\" class=\"wp-block-post-title has-regular-font-size\"><a href=\"https:\/\/umerhamet.org\/?p=259\" target=\"_self\" >&#8220;Merhamet&#8221; ve Bosna Hersek \u0130slam Cemaati&#8217;nin yard\u0131m konvoyu T\u00fcrkiye&#8217;deki AFAD deposuna ula\u015ft\u0131<\/a><\/h5>\n\n<div class=\"wp-block-post-excerpt\"><p class=\"wp-block-post-excerpt__excerpt\">MERHAMET DERNE\u011e\u0130 &#8220;Merhamet&#8221; ve Bosna Hersek \u0130slam Cemaati&#8217;nin yard\u0131m konvoyu T\u00fcrkiye&#8217;deki AFAD deposuna ula\u015ft\u0131 ED\u0130RNE, 23 \u015eubat Bosna Hersek&#8217;teki M\u00fcsl\u00fcman Yard\u0131m Kurulu\u015fu &#8220;Merhamet&#8221; ve \u0130slam Cemaati&#8217;nin yard\u0131m konvoyu bug\u00fcn var\u0131\u015f noktas\u0131na, T\u00fcrkiye&#8217;deki Afet Y\u00f6netim Ajans\u0131 (AFAD) deposuna ula\u015ft\u0131. AFAD&#8217;\u0131n deposundan gelen yard\u0131mlar, T\u00fcrkiye ve Suriye&#8217;de y\u0131k\u0131c\u0131 depremden etkilenen b\u00f6lgelerde ya\u015fayanlara da\u011f\u0131t\u0131lacak. 20 kamyondan olu\u015fan konvoya,&hellip; <\/p><\/div><\/div><\/div>\n<\/div><\/div>\n\n<\/li><li class=\"wp-block-post post-254 post type-post status-publish format-standard has-post-thumbnail hentry category-haberler\">\n\n<div class=\"wp-block-group\"><div class=\"wp-block-group__inner-container is-layout-constrained wp-block-group-is-layout-constrained\">\n<div class=\"wp-block-group\"><div class=\"wp-block-group__inner-container is-layout-constrained wp-block-group-is-layout-constrained\"><figure class=\"news-thumb-wrap wp-block-post-featured-image\"><a href=\"https:\/\/umerhamet.org\/?p=254\" target=\"_self\"  ><img loading=\"lazy\" decoding=\"async\" width=\"300\" height=\"162\" src=\"https:\/\/umerhamet.org\/wp-content\/uploads\/2023\/11\/Studenstka-kuca-hrana.gif\" class=\"attachment-post-thumbnail size-post-thumbnail wp-post-image\" alt=\"Bu y\u0131l da &#8220;Merhamet&#8217;in&#8221; \u00d6\u011frenci Evi&#8217;nde \u00fccretsiz olarak ya\u015fayan k\u0131z \u00f6\u011frencilere yemek verildi\" style=\"object-fit:cover;\" \/><\/a><\/figure><\/div><\/div>\n\n\n\n<div class=\"wp-block-group\"><div class=\"wp-block-group__inner-container is-layout-constrained wp-block-group-is-layout-constrained\"><h5 style=\"font-style:normal;font-weight:600;line-height:1.2;\" class=\"wp-block-post-title has-regular-font-size\"><a href=\"https:\/\/umerhamet.org\/?p=254\" target=\"_self\" >Bu y\u0131l da &#8220;Merhamet&#8217;in&#8221; \u00d6\u011frenci Evi&#8217;nde \u00fccretsiz olarak ya\u015fayan k\u0131z \u00f6\u011frencilere yemek verildi<\/a><\/h5>\n\n<div class=\"wp-block-post-excerpt\"><p class=\"wp-block-post-excerpt__excerpt\">MERHAMET DERNE\u011e\u0130 Bu y\u0131l da &#8220;Merhamet&#8217;in&#8221; \u00d6\u011frenci Evi&#8217;nde \u00fccretsiz olarak ya\u015fayan k\u0131z \u00f6\u011frencilere yemek verildi SARAYBOSNA, 30 Ekim T\u00fcrkiye&#8217;nin &#8220;K\u0131z\u0131lay\u0131&#8221;, M\u00fcsl\u00fcman Hay\u0131r Cemiyeti &#8220;Merhamet&#8221;e ait Saraybosna \u00d6\u011frenci Yurdu&#8217;nda \u00fccretsiz olarak kalan 15 k\u0131z \u00f6\u011frenciye yemek sa\u011flad\u0131. &#8220;Merhamet&#8221; ba\u015fkan\u0131 Kenan Vrbanjac, &#8220;T\u00fcrk K\u0131z\u0131lay\u0131&#8217;n\u0131n bu y\u0131l oldu\u011fu gibi \u00f6nceki y\u0131llarda oldu\u011fu gibi BH, Sand\u017eak ve T\u00fcrkiye&#8217;den gelen&hellip; <\/p><\/div><\/div><\/div>\n<\/div><\/div>\n\n<\/li><li class=\"wp-block-post post-188 post type-post status-publish format-standard has-post-thumbnail hentry category-haberler\">\n\n<div class=\"wp-block-group\"><div class=\"wp-block-group__inner-container is-layout-constrained wp-block-group-is-layout-constrained\">\n<div class=\"wp-block-group\"><div class=\"wp-block-group__inner-container is-layout-constrained wp-block-group-is-layout-constrained\"><figure class=\"news-thumb-wrap wp-block-post-featured-image\"><a href=\"https:\/\/umerhamet.org\/?p=188\" target=\"_self\"  ><img loading=\"lazy\" decoding=\"async\" width=\"300\" height=\"200\" src=\"https:\/\/umerhamet.org\/wp-content\/uploads\/2023\/11\/Sirija-slike-14.gif\" class=\"attachment-post-thumbnail size-post-thumbnail wp-post-image\" alt=\"Merhamet ba\u015fkan\u0131 Suriye&#8217;de depremzedelerin bar\u0131nd\u0131\u011f\u0131 kamplar\u0131 ziyaret etti\" style=\"object-fit:cover;\" \/><\/a><\/figure><\/div><\/div>\n\n\n\n<div class=\"wp-block-group\"><div class=\"wp-block-group__inner-container is-layout-constrained wp-block-group-is-layout-constrained\"><h5 style=\"font-style:normal;font-weight:600;line-height:1.2;\" class=\"wp-block-post-title has-regular-font-size\"><a href=\"https:\/\/umerhamet.org\/?p=188\" target=\"_self\" >Merhamet ba\u015fkan\u0131 Suriye&#8217;de depremzedelerin bar\u0131nd\u0131\u011f\u0131 kamplar\u0131 ziyaret etti<\/a><\/h5>\n\n<div class=\"wp-block-post-excerpt\"><p class=\"wp-block-post-excerpt__excerpt\">MERHAMET DERNE\u011e\u0130 Merhamet ba\u015fkan\u0131 Suriye&#8217;de depremzedelerin bar\u0131nd\u0131\u011f\u0131 kamplar\u0131 ziyaret etti AFR\u0130N, 25 \u015eubat \u2013 M\u00fcsl\u00fcman Hay\u0131rsever Cemiyeti &#8220;Merhamet&#8221; Ba\u015fkan\u0131 Kenan Vrbanjac, beraberindekilerle birlikte Suriye&#8217;de depremzedelerin bar\u0131nd\u0131\u011f\u0131 kamplar\u0131 ziyaret etti. Ziyaret, &#8220;Merhamet&#8221; Yard\u0131m Konvoyu ve BH&#8217;deki \u0130slam Cemaati&#8217;nin Per\u015fembe g\u00fcn\u00fc T\u00fcrkiye&#8217;ye, yard\u0131m\u0131n T\u00fcrkiye ve Suriye&#8217;deki y\u0131k\u0131c\u0131 depremden etkilenen b\u00f6lgelerdeki n\u00fcfusa da\u011f\u0131t\u0131laca\u011f\u0131 T\u00fcrkiye Afet Y\u00f6netim Ajans\u0131&#8217;n\u0131n (AFAD)&hellip; <\/p><\/div><\/div><\/div>\n<\/div><\/div>\n\n<\/li><li class=\"wp-block-post post-185 post type-post status-publish format-standard has-post-thumbnail hentry category-haberler\">\n\n<div class=\"wp-block-group\"><div class=\"wp-block-group__inner-container is-layout-constrained wp-block-group-is-layout-constrained\">\n<div class=\"wp-block-group\"><div class=\"wp-block-group__inner-container is-layout-constrained wp-block-group-is-layout-constrained\"><figure class=\"news-thumb-wrap wp-block-post-featured-image\"><a href=\"https:\/\/umerhamet.org\/?p=185\" target=\"_self\"  ><img loading=\"lazy\" decoding=\"async\" width=\"300\" height=\"223\" src=\"https:\/\/umerhamet.org\/wp-content\/uploads\/2023\/11\/Bosanski-kurban.gif\" class=\"attachment-post-thumbnail size-post-thumbnail wp-post-image\" alt=\"MERHAMET&#8217;IN EYLEMI DEVAM EDIYOR: KURBANI BH, MEKKE VE AVUSTRALYA&#8217;DA\" style=\"object-fit:cover;\" \/><\/a><\/figure><\/div><\/div>\n\n\n\n<div class=\"wp-block-group\"><div class=\"wp-block-group__inner-container is-layout-constrained wp-block-group-is-layout-constrained\"><h5 style=\"font-style:normal;font-weight:600;line-height:1.2;\" class=\"wp-block-post-title has-regular-font-size\"><a href=\"https:\/\/umerhamet.org\/?p=185\" target=\"_self\" >MERHAMET&#8217;IN EYLEMI DEVAM EDIYOR: KURBANI BH, MEKKE VE AVUSTRALYA&#8217;DA<\/a><\/h5>\n\n<div class=\"wp-block-post-excerpt\"><p class=\"wp-block-post-excerpt__excerpt\">MERHAMET DERNE\u011e\u0130 MERHAMET&#8217;IN EYLEMI DEVAM EDIYOR: KURBANI BH, MEKKE VE AVUSTRALYA&#8217;DA M\u00fcsl\u00fcman Hay\u0131rsever Derne\u011fi &#8220;Merhamet&#8221;in &#8220;BOSNA KURBAN&#8221; eylemi ba\u015flad\u0131 ve 29 Haziran 2023&#8217;e kadar s\u00fcrecek. Bu y\u0131l da yerli tar\u0131m \u00fcreticilerinden ve geri d\u00f6nenlerden kurban temin edilecek. Bu eylem sayesinde &#8220;Merhamet&#8221;, 45 halk mutfa\u011f\u0131na ve Bosna Hersek topraklar\u0131ndaki noktalar\u0131na et sa\u011fl\u0131yor ve burada &#8220;Merhamet&#8221; her&hellip; <\/p><\/div><\/div><\/div>\n<\/div><\/div>\n\n<\/li><li class=\"wp-block-post post-1482 post type-post status-publish format-standard has-post-thumbnail hentry category-life category-review tag-awesome tag-cup tag-little tag-points-review tag-review tag-woman\">\n\n<div class=\"wp-block-group\"><div class=\"wp-block-group__inner-container is-layout-constrained wp-block-group-is-layout-constrained\">\n<div class=\"wp-block-group\"><div class=\"wp-block-group__inner-container is-layout-constrained wp-block-group-is-layout-constrained\"><figure class=\"news-thumb-wrap wp-block-post-featured-image\"><a href=\"https:\/\/umerhamet.org\/?p=1482\" target=\"_self\"  ><img loading=\"lazy\" decoding=\"async\" width=\"300\" height=\"300\" src=\"https:\/\/umerhamet.org\/wp-content\/uploads\/2019\/02\/StockSnap_MO7PZ7AYIC-300x300.jpg\" class=\"attachment-post-thumbnail size-post-thumbnail wp-post-image\" alt=\"Speed optimized\" style=\"object-fit:cover;\" srcset=\"https:\/\/umerhamet.org\/wp-content\/uploads\/2019\/02\/StockSnap_MO7PZ7AYIC-300x300.jpg 300w, https:\/\/umerhamet.org\/wp-content\/uploads\/2019\/02\/StockSnap_MO7PZ7AYIC-150x150.jpg 150w, https:\/\/umerhamet.org\/wp-content\/uploads\/2019\/02\/StockSnap_MO7PZ7AYIC-100x100.jpg 100w\" sizes=\"(max-width: 300px) 100vw, 300px\" \/><\/a><\/figure><\/div><\/div>\n\n\n\n<div class=\"wp-block-group\"><div class=\"wp-block-group__inner-container is-layout-constrained wp-block-group-is-layout-constrained\"><h5 style=\"font-style:normal;font-weight:600;line-height:1.2;\" class=\"wp-block-post-title has-regular-font-size\"><a href=\"https:\/\/umerhamet.org\/?p=1482\" target=\"_self\" >Speed optimized<\/a><\/h5>\n\n<div class=\"wp-block-post-excerpt\"><p class=\"wp-block-post-excerpt__excerpt\">Finished her are its honoured drawings nor. Pretty see mutual thrown all not edward ten. Particular an boisterous up he reasonably frequently. Several any had enjoyed shewing studied two. Up intention remainder sportsmen behaviour ye happiness. Few again any alone style added abode ask. Nay projecting unpleasing boisterous eat discovered solicitude. Own six moments produce&hellip; <\/p><\/div><\/div><\/div>\n<\/div><\/div>\n\n<\/li><\/ul>\n\n<\/div>\n<\/div><\/div>\n<\/div><\/div>\n","protected":false},"excerpt":{"rendered":"<p>MERHAMET HABERLER Derne\u011fimizin faaliyetleri hakk\u0131ndaki haberler.<\/p>\n","protected":false},"author":1,"featured_media":0,"parent":0,"menu_order":0,"comment_status":"closed","ping_status":"closed","template":"","meta":{"footnotes":""},"class_list":["post-240","page","type-page","status-publish","hentry"],"aioseo_notices":[],"_links":{"self":[{"href":"https:\/\/umerhamet.org\/index.php?rest_route=\/wp\/v2\/pages\/240","targetHints":{"allow":["GET"]}}],"collection":[{"href":"https:\/\/umerhamet.org\/index.php?rest_route=\/wp\/v2\/pages"}],"about":[{"href":"https:\/\/umerhamet.org\/index.php?rest_route=\/wp\/v2\/types\/page"}],"author":[{"embeddable":true,"href":"https:\/\/umerhamet.org\/index.php?rest_route=\/wp\/v2\/users\/1"}],"replies":[{"embeddable":true,"href":"https:\/\/umerhamet.org\/index.php?rest_route=%2Fwp%2Fv2%2Fcomments&post=240"}],"version-history":[{"count":6,"href":"https:\/\/umerhamet.org\/index.php?rest_route=\/wp\/v2\/pages\/240\/revisions"}],"predecessor-version":[{"id":266,"href":"https:\/\/umerhamet.org\/index.php?rest_route=\/wp\/v2\/pages\/240\/revisions\/266"}],"wp:attachment":[{"href":"https:\/\/umerhamet.org\/index.php?rest_route=%2Fwp%2Fv2%2Fmedia&parent=240"}],"curies":[{"name":"wp","href":"https:\/\/api.w.org\/{rel}","templated":true}]}}