{"id":72,"date":"2023-11-04T22:59:16","date_gmt":"2023-11-04T22:59:16","guid":{"rendered":"https:\/\/umerhamet.org\/?page_id=72"},"modified":"2023-11-17T19:00:22","modified_gmt":"2023-11-17T19:00:22","slug":"projeler","status":"publish","type":"page","link":"https:\/\/umerhamet.org\/?page_id=72","title":{"rendered":"PROJELER"},"content":{"rendered":"\n<div class=\"wp-block-columns is-layout-flex wp-container-core-columns-is-layout-9d6595d7 wp-block-columns-is-layout-flex\">\n<div class=\"wp-block-column is-layout-flow wp-block-column-is-layout-flow\" style=\"flex-basis:66.66%\">\n<h2 class=\"wp-block-heading has-text-align-center\">PROJELER<\/h2>\n\n\n\n<figure class=\"wp-block-gallery has-nested-images columns-default is-cropped wp-block-gallery-1 is-layout-flex wp-block-gallery-is-layout-flex\">\n<figure class=\"wp-block-image size-large\"><a href=\"https:\/\/umerhamet.org\/?page_id=137\"><img fetchpriority=\"high\" decoding=\"async\" width=\"1024\" height=\"768\" data-id=\"179\" src=\"https:\/\/umerhamet.org\/wp-content\/uploads\/2023\/11\/Gaza-slika-1-1024x768.jpg\" alt=\"\" class=\"wp-image-179\" srcset=\"https:\/\/umerhamet.org\/wp-content\/uploads\/2023\/11\/Gaza-slika-1-1024x768.jpg 1024w, https:\/\/umerhamet.org\/wp-content\/uploads\/2023\/11\/Gaza-slika-1-scaled-600x450.jpg 600w, https:\/\/umerhamet.org\/wp-content\/uploads\/2023\/11\/Gaza-slika-1-300x225.jpg 300w, https:\/\/umerhamet.org\/wp-content\/uploads\/2023\/11\/Gaza-slika-1-768x576.jpg 768w, https:\/\/umerhamet.org\/wp-content\/uploads\/2023\/11\/Gaza-slika-1-1536x1152.jpg 1536w, https:\/\/umerhamet.org\/wp-content\/uploads\/2023\/11\/Gaza-slika-1-2048x1536.jpg 2048w\" sizes=\"(max-width: 1024px) 100vw, 1024px\" \/><\/a><figcaption class=\"wp-element-caption\">ULUSLAR ARASI PROJELER<\/figcaption><\/figure>\n\n\n\n<figure class=\"wp-block-image size-large\"><a href=\"https:\/\/umerhamet.org\/?page_id=136\"><img decoding=\"async\" width=\"1024\" height=\"685\" data-id=\"175\" src=\"https:\/\/umerhamet.org\/wp-content\/uploads\/2023\/11\/Muradif-Cato-slika-11-1024x685.jpg\" alt=\"\" class=\"wp-image-175\" srcset=\"https:\/\/umerhamet.org\/wp-content\/uploads\/2023\/11\/Muradif-Cato-slika-11-1024x685.jpg 1024w, https:\/\/umerhamet.org\/wp-content\/uploads\/2023\/11\/Muradif-Cato-slika-11-scaled-600x402.jpg 600w, https:\/\/umerhamet.org\/wp-content\/uploads\/2023\/11\/Muradif-Cato-slika-11-300x201.jpg 300w, https:\/\/umerhamet.org\/wp-content\/uploads\/2023\/11\/Muradif-Cato-slika-11-768x514.jpg 768w, https:\/\/umerhamet.org\/wp-content\/uploads\/2023\/11\/Muradif-Cato-slika-11-1536x1028.jpg 1536w, https:\/\/umerhamet.org\/wp-content\/uploads\/2023\/11\/Muradif-Cato-slika-11-2048x1371.jpg 2048w\" sizes=\"(max-width: 1024px) 100vw, 1024px\" \/><\/a><figcaption class=\"wp-element-caption\">\u201cMuradif Qato \u00f6d\u00fcl\u00fc<\/figcaption><\/figure>\n\n\n\n<figure class=\"wp-block-image size-large\"><a href=\"https:\/\/umerhamet.org\/?page_id=135\"><img decoding=\"async\" width=\"817\" height=\"613\" data-id=\"169\" src=\"https:\/\/umerhamet.org\/wp-content\/uploads\/2023\/11\/Cistoca-i-zdravlje-9.jpg\" alt=\"\" class=\"wp-image-169\" srcset=\"https:\/\/umerhamet.org\/wp-content\/uploads\/2023\/11\/Cistoca-i-zdravlje-9.jpg 817w, https:\/\/umerhamet.org\/wp-content\/uploads\/2023\/11\/Cistoca-i-zdravlje-9-600x450.jpg 600w, https:\/\/umerhamet.org\/wp-content\/uploads\/2023\/11\/Cistoca-i-zdravlje-9-300x225.jpg 300w, https:\/\/umerhamet.org\/wp-content\/uploads\/2023\/11\/Cistoca-i-zdravlje-9-768x576.jpg 768w\" sizes=\"(max-width: 817px) 100vw, 817px\" \/><\/a><figcaption class=\"wp-element-caption\">\u201cTemizlik ve Sa\u011fl\u0131k\u201d Projesi<\/figcaption><\/figure>\n\n\n\n<figure class=\"wp-block-image size-large\"><a href=\"https:\/\/umerhamet.org\/?page_id=133\"><img loading=\"lazy\" decoding=\"async\" width=\"800\" height=\"445\" data-id=\"165\" src=\"https:\/\/umerhamet.org\/wp-content\/uploads\/2023\/11\/Kucna-njega-glavna-slika-800x445-1.jpg\" alt=\"\" class=\"wp-image-165\" srcset=\"https:\/\/umerhamet.org\/wp-content\/uploads\/2023\/11\/Kucna-njega-glavna-slika-800x445-1.jpg 800w, https:\/\/umerhamet.org\/wp-content\/uploads\/2023\/11\/Kucna-njega-glavna-slika-800x445-1-600x334.jpg 600w, https:\/\/umerhamet.org\/wp-content\/uploads\/2023\/11\/Kucna-njega-glavna-slika-800x445-1-300x167.jpg 300w, https:\/\/umerhamet.org\/wp-content\/uploads\/2023\/11\/Kucna-njega-glavna-slika-800x445-1-768x427.jpg 768w\" sizes=\"(max-width: 800px) 100vw, 800px\" \/><\/a><figcaption class=\"wp-element-caption\">Evde Bak\u0131m<\/figcaption><\/figure>\n\n\n\n<figure class=\"wp-block-image size-large\"><a href=\"https:\/\/umerhamet.org\/?page_id=131\"><img loading=\"lazy\" decoding=\"async\" width=\"1024\" height=\"644\" data-id=\"157\" src=\"https:\/\/umerhamet.org\/wp-content\/uploads\/2023\/11\/Proizvodnja-tjestenine-glavna-1-1024x644.jpg\" alt=\"\" class=\"wp-image-157\" srcset=\"https:\/\/umerhamet.org\/wp-content\/uploads\/2023\/11\/Proizvodnja-tjestenine-glavna-1-1024x644.jpg 1024w, https:\/\/umerhamet.org\/wp-content\/uploads\/2023\/11\/Proizvodnja-tjestenine-glavna-1-scaled-600x377.jpg 600w, https:\/\/umerhamet.org\/wp-content\/uploads\/2023\/11\/Proizvodnja-tjestenine-glavna-1-300x189.jpg 300w, https:\/\/umerhamet.org\/wp-content\/uploads\/2023\/11\/Proizvodnja-tjestenine-glavna-1-768x483.jpg 768w, https:\/\/umerhamet.org\/wp-content\/uploads\/2023\/11\/Proizvodnja-tjestenine-glavna-1-1536x966.jpg 1536w, https:\/\/umerhamet.org\/wp-content\/uploads\/2023\/11\/Proizvodnja-tjestenine-glavna-1-2048x1287.jpg 2048w\" sizes=\"(max-width: 1024px) 100vw, 1024px\" \/><\/a><figcaption class=\"wp-element-caption\">\u00dcr\u00fcnlerimiz<\/figcaption><\/figure>\n\n\n\n<figure class=\"wp-block-image size-large\"><a href=\"https:\/\/umerhamet.org\/?page_id=132\"><img loading=\"lazy\" decoding=\"async\" width=\"1024\" height=\"768\" data-id=\"163\" src=\"https:\/\/umerhamet.org\/wp-content\/uploads\/2023\/11\/Fondacija-Edah-Becirbegovic-2-1024x768.jpg\" alt=\"\" class=\"wp-image-163\" srcset=\"https:\/\/umerhamet.org\/wp-content\/uploads\/2023\/11\/Fondacija-Edah-Becirbegovic-2-1024x768.jpg 1024w, https:\/\/umerhamet.org\/wp-content\/uploads\/2023\/11\/Fondacija-Edah-Becirbegovic-2-scaled-600x450.jpg 600w, https:\/\/umerhamet.org\/wp-content\/uploads\/2023\/11\/Fondacija-Edah-Becirbegovic-2-300x225.jpg 300w, https:\/\/umerhamet.org\/wp-content\/uploads\/2023\/11\/Fondacija-Edah-Becirbegovic-2-768x576.jpg 768w, https:\/\/umerhamet.org\/wp-content\/uploads\/2023\/11\/Fondacija-Edah-Becirbegovic-2-1536x1152.jpg 1536w, https:\/\/umerhamet.org\/wp-content\/uploads\/2023\/11\/Fondacija-Edah-Becirbegovic-2-2048x1536.jpg 2048w\" sizes=\"(max-width: 1024px) 100vw, 1024px\" \/><\/a><figcaption class=\"wp-element-caption\">Burslar<\/figcaption><\/figure>\n\n\n\n<figure class=\"wp-block-image size-large\"><a href=\"https:\/\/umerhamet.org\/?page_id=130\"><img loading=\"lazy\" decoding=\"async\" width=\"487\" height=\"365\" data-id=\"153\" src=\"https:\/\/umerhamet.org\/wp-content\/uploads\/2023\/11\/Imanje-5-487x365-1.jpg\" alt=\"\" class=\"wp-image-153\" srcset=\"https:\/\/umerhamet.org\/wp-content\/uploads\/2023\/11\/Imanje-5-487x365-1.jpg 487w, https:\/\/umerhamet.org\/wp-content\/uploads\/2023\/11\/Imanje-5-487x365-1-300x225.jpg 300w\" sizes=\"(max-width: 487px) 100vw, 487px\" \/><\/a><figcaption class=\"wp-element-caption\">M\u00fclklerimiz<\/figcaption><\/figure>\n\n\n\n<figure class=\"wp-block-image size-large\"><a href=\"https:\/\/umerhamet.org\/?page_id=129\"><img loading=\"lazy\" decoding=\"async\" width=\"560\" height=\"445\" data-id=\"147\" src=\"https:\/\/umerhamet.org\/wp-content\/uploads\/2023\/11\/Akcija-kurban-glavna-slika-560x445-2.jpg\" alt=\"\" class=\"wp-image-147\" srcset=\"https:\/\/umerhamet.org\/wp-content\/uploads\/2023\/11\/Akcija-kurban-glavna-slika-560x445-2.jpg 560w, https:\/\/umerhamet.org\/wp-content\/uploads\/2023\/11\/Akcija-kurban-glavna-slika-560x445-2-300x238.jpg 300w\" sizes=\"(max-width: 560px) 100vw, 560px\" \/><\/a><figcaption class=\"wp-element-caption\">Kurban Ba\u011f\u0131\u015f\u0131<\/figcaption><\/figure>\n\n\n\n<figure class=\"wp-block-image size-large\"><a href=\"https:\/\/umerhamet.org\/?page_id=128\"><img loading=\"lazy\" decoding=\"async\" width=\"545\" height=\"365\" data-id=\"140\" src=\"https:\/\/umerhamet.org\/wp-content\/uploads\/2023\/11\/Kuhinje-2-545x365-2.jpg\" alt=\"\" class=\"wp-image-140\" srcset=\"https:\/\/umerhamet.org\/wp-content\/uploads\/2023\/11\/Kuhinje-2-545x365-2.jpg 545w, https:\/\/umerhamet.org\/wp-content\/uploads\/2023\/11\/Kuhinje-2-545x365-2-300x201.jpg 300w\" sizes=\"(max-width: 545px) 100vw, 545px\" \/><\/a><figcaption class=\"wp-element-caption\">Kamu Mutfaklar\u0131<\/figcaption><\/figure>\n<\/figure>\n<\/div>\n<\/div>\n","protected":false},"excerpt":{"rendered":"<p>PROJELER<\/p>\n","protected":false},"author":1,"featured_media":0,"parent":0,"menu_order":0,"comment_status":"closed","ping_status":"closed","template":"","meta":{"footnotes":""},"class_list":["post-72","page","type-page","status-publish","hentry"],"aioseo_notices":[],"_links":{"self":[{"href":"https:\/\/umerhamet.org\/index.php?rest_route=\/wp\/v2\/pages\/72","targetHints":{"allow":["GET"]}}],"collection":[{"href":"https:\/\/umerhamet.org\/index.php?rest_route=\/wp\/v2\/pages"}],"about":[{"href":"https:\/\/umerhamet.org\/index.php?rest_route=\/wp\/v2\/types\/page"}],"author":[{"embeddable":true,"href":"https:\/\/umerhamet.org\/index.php?rest_route=\/wp\/v2\/users\/1"}],"replies":[{"embeddable":true,"href":"https:\/\/umerhamet.org\/index.php?rest_route=%2Fwp%2Fv2%2Fcomments&post=72"}],"version-history":[{"count":2,"href":"https:\/\/umerhamet.org\/index.php?rest_route=\/wp\/v2\/pages\/72\/revisions"}],"predecessor-version":[{"id":393,"href":"https:\/\/umerhamet.org\/index.php?rest_route=\/wp\/v2\/pages\/72\/revisions\/393"}],"wp:attachment":[{"href":"https:\/\/umerhamet.org\/index.php?rest_route=%2Fwp%2Fv2%2Fmedia&parent=72"}],"curies":[{"name":"wp","href":"https:\/\/api.w.org\/{rel}","templated":true}]}}