{"id":82,"date":"2023-11-05T13:13:30","date_gmt":"2023-11-05T13:13:30","guid":{"rendered":"https:\/\/umerhamet.org\/?page_id=82"},"modified":"2023-11-10T20:17:40","modified_gmt":"2023-11-10T20:17:40","slug":"yonetim","status":"publish","type":"page","link":"https:\/\/umerhamet.org\/?page_id=82","title":{"rendered":"Y\u00d6NET\u0130M"},"content":{"rendered":"\n<div class=\"wp-block-columns is-layout-flex wp-container-core-columns-is-layout-9d6595d7 wp-block-columns-is-layout-flex\">\n<div class=\"wp-block-column is-layout-flow wp-block-column-is-layout-flow\" style=\"flex-basis:25%\"><\/div>\n\n\n\n<div class=\"wp-block-column is-layout-flow wp-block-column-is-layout-flow\" style=\"flex-basis:50%\"><div class=\"wp-block-image\">\n<figure class=\"aligncenter size-full is-resized\"><img fetchpriority=\"high\" decoding=\"async\" width=\"396\" height=\"629\" src=\"https:\/\/umerhamet.org\/wp-content\/uploads\/2023\/11\/20231107_124919-removebg-preview-1.png\" alt=\"\" class=\"wp-image-283\" style=\"aspect-ratio:1.5;object-fit:contain;width:300px;height:auto\" srcset=\"https:\/\/umerhamet.org\/wp-content\/uploads\/2023\/11\/20231107_124919-removebg-preview-1.png 396w, https:\/\/umerhamet.org\/wp-content\/uploads\/2023\/11\/20231107_124919-removebg-preview-1-189x300.png 189w\" sizes=\"(max-width: 396px) 100vw, 396px\" \/><\/figure>\n<\/div>\n\n\n<p class=\"has-text-align-center\">Y\u00d6NET\u0130M KURULU BA\u015eKANI<\/p>\n\n\n\n<p class=\"has-text-align-center\">SENAT DEM\u0130ROK<\/p>\n<\/div>\n\n\n\n<div class=\"wp-block-column is-layout-flow wp-block-column-is-layout-flow\" style=\"flex-basis:25%\"><\/div>\n<\/div>\n\n\n\n<figure class=\"wp-block-gallery aligncenter has-nested-images columns-default is-cropped wp-block-gallery-1 is-layout-flex wp-block-gallery-is-layout-flex\"><\/figure>\n","protected":false},"excerpt":{"rendered":"<p>Y\u00d6NET\u0130M KURULU BA\u015eKANI SENAT DEM\u0130ROK<\/p>\n","protected":false},"author":1,"featured_media":56,"parent":0,"menu_order":0,"comment_status":"closed","ping_status":"closed","template":"","meta":{"footnotes":""},"class_list":["post-82","page","type-page","status-publish","has-post-thumbnail","hentry"],"aioseo_notices":[],"_links":{"self":[{"href":"https:\/\/umerhamet.org\/index.php?rest_route=\/wp\/v2\/pages\/82","targetHints":{"allow":["GET"]}}],"collection":[{"href":"https:\/\/umerhamet.org\/index.php?rest_route=\/wp\/v2\/pages"}],"about":[{"href":"https:\/\/umerhamet.org\/index.php?rest_route=\/wp\/v2\/types\/page"}],"author":[{"embeddable":true,"href":"https:\/\/umerhamet.org\/index.php?rest_route=\/wp\/v2\/users\/1"}],"replies":[{"embeddable":true,"href":"https:\/\/umerhamet.org\/index.php?rest_route=%2Fwp%2Fv2%2Fcomments&post=82"}],"version-history":[{"count":5,"href":"https:\/\/umerhamet.org\/index.php?rest_route=\/wp\/v2\/pages\/82\/revisions"}],"predecessor-version":[{"id":284,"href":"https:\/\/umerhamet.org\/index.php?rest_route=\/wp\/v2\/pages\/82\/revisions\/284"}],"wp:featuredmedia":[{"embeddable":true,"href":"https:\/\/umerhamet.org\/index.php?rest_route=\/wp\/v2\/media\/56"}],"wp:attachment":[{"href":"https:\/\/umerhamet.org\/index.php?rest_route=%2Fwp%2Fv2%2Fmedia&parent=82"}],"curies":[{"name":"wp","href":"https:\/\/api.w.org\/{rel}","templated":true}]}}